{"id":1306,"date":"2019-09-03T19:40:52","date_gmt":"2019-09-03T22:40:52","guid":{"rendered":"http:\/\/www.terapiasdeavanzada.org\/web\/?page_id=1306"},"modified":"2021-07-18T18:58:37","modified_gmt":"2021-07-18T21:58:37","slug":"sanergia","status":"publish","type":"page","link":"https:\/\/www.terapiasdeavanzada.org\/web\/sanergia\/","title":{"rendered":"SANERG\u00cdA"},"content":{"rendered":"<p style=\"text-align: center;\"><span style=\"font-size: 14pt;\"><strong><em><span style=\"font-family: helvetica, arial, sans-serif;\">SANERG\u00cdA &#8211; \u00abEl futuro qu\u00e1ntico de la Sanaci\u00f3n\u00bb<\/span><\/em><\/strong><\/span><\/p>\n<p style=\"text-align: right;\"><span style=\"font-family: helvetica, arial, sans-serif;\"><strong>\u00bfQUE ES SANERG\u00cdA?<\/strong><\/span><\/p>\n<p><span style=\"font-family: helvetica, arial, sans-serif;\">El origen de la palabra Sanerg\u00eda viene de la fusi\u00f3n de las palabras Sabidur\u00eda, Salud y Energ\u00eda.<br \/>\n<\/span><span style=\"font-family: helvetica, arial, sans-serif;\">Sanerg\u00eda es una multitud de cosas, una ciencia rica en emoci\u00f3n e informaci\u00f3n.<\/span><\/p>\n<p><span style=\"font-family: helvetica, arial, sans-serif;\">Sanerg\u00eda es una terapia vibracional integrativa que necesita muy pocas sesiones, por lo cual resulta muy econ\u00f3mico hacerse La Conexi\u00f3n Sanerg\u00e9tica (que se hace una sola vez en la vida\u2026)<\/span><\/p>\n<p><span style=\"font-family: helvetica, arial, sans-serif;\">Sanerg\u00eda <strong>NO ES<\/strong> una terapia sino una filosof\u00eda positivista desarrollada por el investigador cient\u00edfico \u00edtalo-belga Alessandro Di Masi. Es una aplicaci\u00f3n pr\u00e1ctica de los principios de la F\u00edsica Cu\u00e1ntica.<\/span><\/p>\n<p style=\"text-align: right;\"><span style=\"font-family: helvetica, arial, sans-serif;\"><strong>\u00bfQUE SE LOGRA CON SANERG\u00cdA?<\/strong><\/span><\/p>\n<p><span style=\"font-family: helvetica, arial, sans-serif;\">Con Sanerg\u00eda podemos ir eliminando las causas mentales, emocionales, psicol\u00f3gicas y espirituales y se suele -en la mayor\u00eda de los caso- parar la evoluci\u00f3n de dolencias f\u00edsicas y\/o emocionales. As\u00ed se lograron curaciones espont\u00e1neas, inesperadas y espectaculares. \u00bfEs por ello la Sanerg\u00eda una medicina? No. Pero s\u00ed procura que\u00a0 alguien se mejore o cure.<\/span><\/p>\n<p><span style=\"font-family: helvetica, arial, sans-serif;\"><strong>Sanerg\u00eda <\/strong>equilibra cualquier alteraci\u00f3n energ\u00e9tica de nuestro cuerpo sutil y f\u00edsico. El sistema auto correctivo se pone en marcha desde la primera sesi\u00f3n actuando para siempre en todas las dimensiones del ser vivo.<\/span><\/p>\n<p><span style=\"font-family: helvetica, arial, sans-serif;\"><strong>Es compatible con TODO<\/strong>, con todos los tipos de medicinas o terapias, no es invasiva, no utiliza productos ni medicamentos, es beneficioso para todos y no tiene efectos secundarios.<\/span><\/p>\n<p><span style=\"font-family: helvetica, arial, sans-serif;\"><strong>El destino del Sanergista es quedarse sin clientes<\/strong> (Alessandro Di Masi). A los Sanergistas no les importa \u2018perder\u2019 a un cliente, ya que un cliente satisfecho le mandar\u00e1 nuevos clientes.<\/span><\/p>\n<p style=\"text-align: right;\"><span style=\"font-family: helvetica, arial, sans-serif;\"><strong>\u00bfDE QUE PASOS CONSTA SANERG\u00cdA?<\/strong><\/span><\/p>\n<p><span style=\"font-family: helvetica, arial, sans-serif;\"><strong>1- La<\/strong> <strong>Sesi\u00f3n de Sanerg\u00eda<\/strong>. Realizando unos movimientos manuales, sin tocar el cliente y acompa\u00f1ados de una determinada intenci\u00f3n, se logra poner en equilibrio el cuerpo energ\u00e9tico y el aura de la persona. \u00a1Sin excepci\u00f3n! Es incre\u00edble el efecto que estas sesiones tienen sobre el comportamiento a corto y a largo plazo. Para \u00f3ptimos resultados se deben hacer dos sesiones (con un espacio de 3 a 30 d\u00edas entre las dos)<br \/>\n<\/span><\/p>\n<p><span style=\"font-family: helvetica, arial, sans-serif;\"><strong>2- La Sanaci\u00f3n de Sanerg\u00eda<\/strong>: Cuando un cliente sufre de determinadas patolog\u00edas y tal vez la medicina no consigue solucionarlas, el cliente puede pedir unas Sanaciones de Sanerg\u00eda m\u00e1s enfocadas al tipo de dolencia en especial. Aqu\u00ed tambi\u00e9n bastan dos sesiones (con un espacio de 3 a 30 d\u00edas entre las dos).<br \/>\n<\/span><span style=\"font-family: helvetica, arial, sans-serif;\"><strong>Importante:<\/strong> al final de su segunda sanaci\u00f3n se le explica a la persona el sustrato emocional, mental o espiritual que podr\u00eda estar sosteniendo o causando la enfermedad.<\/span><\/p>\n<p><span style=\"font-family: helvetica, arial, sans-serif;\"><strong>3- La Conexi\u00f3n de Sanerg\u00eda<\/strong>: Lo m\u00e1s alto y eficaz que he visto jam\u00e1s a nivel vibracional refleja la frase de Bill Gates cuando afirmaba: \u201c<em>son las cosas m\u00e1s sencillas las que m\u00e1s funcionan<\/em>\u201d. La Conexi\u00f3n pone en marcha un enlace de correcciones, sanaciones y evoluciones que transforman totalmente la visi\u00f3n de la vida y esto en solo dos sesiones, en d\u00edas seguidos que duran 20 a 30 minutos, y se hace <strong>una sola vez en la vida<\/strong> (ver la descripci\u00f3n de la Conexi\u00f3n en www.sanergia.com). La Conexi\u00f3n funciona a nivel celular. Di Masi y todas las universidades que tratan el tema de las t\u00e9cnicas vibracionales afirman que basta sanar una sola c\u00e9lula para curar un cuerpo entero y reanimar la capacidad innata de auto-curaci\u00f3n. Sanerg\u00eda es energ\u00eda molecular, una fuerza mental y espiritual que act\u00faa reseteando las c\u00e9lulas del cuerpo y del cerebro, reprogram\u00e1ndolas a medida de lo que estaba previsto para cada uno entre nosotros.<\/span><\/p>\n<p><span style=\"font-family: helvetica, arial, sans-serif;\"><em>\u201cTodas las c\u00e9lulas de nuestro cuerpo est\u00e1n en contacto con todas las c\u00e9lulas de nuestro cuerpo y leen la informaci\u00f3n de cada c\u00e9lula haci\u00e9ndose cada c\u00e9lula m\u00e1s rica de informaci\u00f3n\u201d.<br \/>\n<\/em><\/span><\/p>\n<p style=\"text-align: right;\"><span style=\"font-family: helvetica, arial, sans-serif;\"><strong>SANERG\u00cdA NO ES UNA MEDICINA.<\/strong><\/span><\/p>\n<p><span style=\"font-family: helvetica, arial, sans-serif;\">Entonces \u00bfqu\u00e9 es? es un m\u00e9todo que acelera la producci\u00f3n de endorfinas, neurotrasmisores y neurohormonas que estimulan los mecanismos de curaci\u00f3n intr\u00ednsecos del cuerpo.<\/span><\/p>\n<p><span style=\"font-family: helvetica, arial, sans-serif;\"><strong>R<\/strong>establece la sinton\u00eda entre las l\u00edneas axiatonales del cuerpo, la red energ\u00e9tica del planeta y del Universo y\u00a0 sit\u00faa a cada uno en el justo camino de la vida. Conecta con lo que estaba previsto para cada persona y posibilita avanzar en un estado de serenidad y equilibrio activando un intercambio continuo de energ\u00eda e informaci\u00f3n adecuada a cada ser, permitiendo la conexi\u00f3n con los fragmentos de ADN y la reintegraci\u00f3n de las \u201ccuerdas\u201d o \u201cfilamentos\u201d (planos de existencia simult\u00e1neos o paralelos) del sistema mente- cuerpo.\u201d<\/span><\/p>\n<p><span style=\"font-family: helvetica, arial, sans-serif;\"><strong>Todas las c\u00e9lulas del cuerpo est\u00e1n en contacto con\u2026 todas las c\u00e9lulas del cuerpo<\/strong> y transmiten la emoci\u00f3n y la energ\u00eda distribuyendo la informaci\u00f3n creativa a una velocidad taqui\u00f3nica (= 27 veces m\u00e1s r\u00e1pida que la velocidad de la luz, la velocidad de la intenci\u00f3n). Esto explica c\u00f3mo expertos sanadores llegan a conectar con sus clientes a diez mil kil\u00f3metros de distancia en la misma fracci\u00f3n de segundo. Leer el libro El Creador de Alessandro\u2026.<\/span><\/p>\n<p><span style=\"font-family: helvetica, arial, sans-serif;\">Los Sanergistas reprograman a trav\u00e9s del pensamiento, lo que f\u00edsicos cu\u00e1nticos como Amit Goswami, o m\u00e9dicos espirituales como Wayne Dyer, Bruce Lipton, Deepak Chopra llaman El Poder de la Intenci\u00f3n.<\/span><\/p>\n<p><span style=\"font-family: helvetica, arial, sans-serif;\">Desde el 2018, un@s maravillos@s Masters Sanergistas ense\u00f1an y practican la Sanerg\u00eda en <strong>Argentina, Espa\u00f1a, Chile, Ecuador, Per\u00fa, M\u00e9xico, Florida\u2026<\/strong><\/span><\/p>\n<p>&nbsp;<\/p>\n<p>&nbsp;<\/p>\n","protected":false},"excerpt":{"rendered":"<p>SANERG\u00cdA &#8211; \u00abEl futuro qu\u00e1ntico de la Sanaci\u00f3n\u00bb \u00bfQUE ES SANERG\u00cdA? El origen de la palabra Sanerg\u00eda viene de la fusi\u00f3n de las palabras Sabidur\u00eda, Salud y Energ\u00eda. Sanerg\u00eda es una multitud de cosas, una ciencia rica en emoci\u00f3n e informaci\u00f3n. Sanerg\u00eda es una terapia vibracional integrativa que necesita muy pocas sesiones, por lo cual &hellip;<\/p>\n<p class=\"read-more\"> <a class=\"\" href=\"https:\/\/www.terapiasdeavanzada.org\/web\/sanergia\/\"> <span class=\"screen-reader-text\">SANERG\u00cdA<\/span> Leer m\u00e1s &raquo;<\/a><\/p>\n","protected":false},"author":4,"featured_media":0,"parent":0,"menu_order":0,"comment_status":"closed","ping_status":"closed","template":"page_fullwidth.php","meta":{"site-sidebar-layout":"default","site-content-layout":"default","ast-global-header-display":"","ast-banner-title-visibility":"","ast-main-header-display":"","ast-hfb-above-header-display":"","ast-hfb-below-header-display":"","ast-hfb-mobile-header-display":"","site-post-title":"","ast-breadcrumbs-content":"","ast-featured-img":"","footer-sml-layout":"","theme-transparent-header-meta":"","adv-header-id-meta":"","stick-header-meta":"","header-above-stick-meta":"","header-main-stick-meta":"","header-below-stick-meta":""},"_links":{"self":[{"href":"https:\/\/www.terapiasdeavanzada.org\/web\/wp-json\/wp\/v2\/pages\/1306"}],"collection":[{"href":"https:\/\/www.terapiasdeavanzada.org\/web\/wp-json\/wp\/v2\/pages"}],"about":[{"href":"https:\/\/www.terapiasdeavanzada.org\/web\/wp-json\/wp\/v2\/types\/page"}],"author":[{"embeddable":true,"href":"https:\/\/www.terapiasdeavanzada.org\/web\/wp-json\/wp\/v2\/users\/4"}],"replies":[{"embeddable":true,"href":"https:\/\/www.terapiasdeavanzada.org\/web\/wp-json\/wp\/v2\/comments?post=1306"}],"version-history":[{"count":4,"href":"https:\/\/www.terapiasdeavanzada.org\/web\/wp-json\/wp\/v2\/pages\/1306\/revisions"}],"predecessor-version":[{"id":1662,"href":"https:\/\/www.terapiasdeavanzada.org\/web\/wp-json\/wp\/v2\/pages\/1306\/revisions\/1662"}],"wp:attachment":[{"href":"https:\/\/www.terapiasdeavanzada.org\/web\/wp-json\/wp\/v2\/media?parent=1306"}],"curies":[{"name":"wp","href":"https:\/\/api.w.org\/{rel}","templated":true}]}}