{"id":1312,"date":"2019-09-03T19:42:09","date_gmt":"2019-09-03T22:42:09","guid":{"rendered":"http:\/\/www.terapiasdeavanzada.org\/web\/?page_id=1312"},"modified":"2021-06-02T17:51:51","modified_gmt":"2021-06-02T20:51:51","slug":"limpieza-del-alma","status":"publish","type":"page","link":"https:\/\/www.terapiasdeavanzada.org\/web\/limpieza-del-alma\/","title":{"rendered":"LIMPIEZA DEL ALMA"},"content":{"rendered":"<p>&nbsp;<\/p>\n<ul>\n<li><span style=\"font-family: helvetica, arial, sans-serif;\">Es una t\u00e9cnica desarrollada a partir de la combinaci\u00f3n de varias otras t\u00e9cnicas. Puede eliminar r\u00e1pidamente sentimientos inconfortables, creencias limitantes, y programas subconscientes.<\/span><\/li>\n<li><span style=\"font-family: helvetica, arial, sans-serif;\">Esta basada en la premisa que la mente subconsciente es un fiel servidor y hace todo lo que le ordenamos.<\/span><\/li>\n<li><span style=\"font-family: helvetica, arial, sans-serif;\">Los tratamientos de L del A consisten en darle instrucciones a la mente (subconsciente) para que, cada vez que se repite una palabra \u201cclave\u201d acompa\u00f1ada de ciertas frases, se\u00a0 eliminar\u00e1 o neutralizar\u00e1 un problema espec\u00edfico.<\/span><\/li>\n<li><span style=\"font-family: helvetica, arial, sans-serif;\">Pertenece a las T\u00e9cnicas de Integraci\u00f3n Cerebral<sup>\u00ae<\/sup> y est\u00e1 <strong>fundamentada neurofisiol\u00f3gicamente <\/strong>\u00a0(Solvey, R \u2013 2019)<\/span><\/li>\n<li><span style=\"font-family: helvetica, arial, sans-serif;\">Va directamente al sistema real de mando y control de\u00a0 la mente subconsciente y se basa <strong>en<\/strong> enfocar la atenci\u00f3n y la intenci\u00f3n, para liberar sentimientos, creencias y maneras de ser inadecuadas o perjudiciales.<\/span><\/li>\n<li><span style=\"font-family: helvetica, arial, sans-serif;\">Elimina de ra\u00edz y del consciente y del subconsciente tanto las creencias auto-limitantes, \u00a0los s\u00edntomas f\u00edsicos y\u00a0 las ra\u00edces emocionales de los malestares.<\/span><\/li>\n<\/ul>\n","protected":false},"excerpt":{"rendered":"<p>&nbsp; Es una t\u00e9cnica desarrollada a partir de la combinaci\u00f3n de varias otras t\u00e9cnicas. Puede eliminar r\u00e1pidamente sentimientos inconfortables, creencias limitantes, y programas subconscientes. Esta basada en la premisa que la mente subconsciente es un fiel servidor y hace todo lo que le ordenamos. Los tratamientos de L del A consisten en darle instrucciones a &hellip;<\/p>\n<p class=\"read-more\"> <a class=\"\" href=\"https:\/\/www.terapiasdeavanzada.org\/web\/limpieza-del-alma\/\"> <span class=\"screen-reader-text\">LIMPIEZA DEL ALMA<\/span> Leer m\u00e1s &raquo;<\/a><\/p>\n","protected":false},"author":4,"featured_media":0,"parent":0,"menu_order":0,"comment_status":"closed","ping_status":"closed","template":"page_fullwidth.php","meta":{"site-sidebar-layout":"default","site-content-layout":"default","ast-global-header-display":"","ast-banner-title-visibility":"","ast-main-header-display":"","ast-hfb-above-header-display":"","ast-hfb-below-header-display":"","ast-hfb-mobile-header-display":"","site-post-title":"","ast-breadcrumbs-content":"","ast-featured-img":"","footer-sml-layout":"","theme-transparent-header-meta":"","adv-header-id-meta":"","stick-header-meta":"","header-above-stick-meta":"","header-main-stick-meta":"","header-below-stick-meta":""},"_links":{"self":[{"href":"https:\/\/www.terapiasdeavanzada.org\/web\/wp-json\/wp\/v2\/pages\/1312"}],"collection":[{"href":"https:\/\/www.terapiasdeavanzada.org\/web\/wp-json\/wp\/v2\/pages"}],"about":[{"href":"https:\/\/www.terapiasdeavanzada.org\/web\/wp-json\/wp\/v2\/types\/page"}],"author":[{"embeddable":true,"href":"https:\/\/www.terapiasdeavanzada.org\/web\/wp-json\/wp\/v2\/users\/4"}],"replies":[{"embeddable":true,"href":"https:\/\/www.terapiasdeavanzada.org\/web\/wp-json\/wp\/v2\/comments?post=1312"}],"version-history":[{"count":4,"href":"https:\/\/www.terapiasdeavanzada.org\/web\/wp-json\/wp\/v2\/pages\/1312\/revisions"}],"predecessor-version":[{"id":1532,"href":"https:\/\/www.terapiasdeavanzada.org\/web\/wp-json\/wp\/v2\/pages\/1312\/revisions\/1532"}],"wp:attachment":[{"href":"https:\/\/www.terapiasdeavanzada.org\/web\/wp-json\/wp\/v2\/media?parent=1312"}],"curies":[{"name":"wp","href":"https:\/\/api.w.org\/{rel}","templated":true}]}}