{"id":1324,"date":"2019-09-03T19:50:37","date_gmt":"2019-09-03T22:50:37","guid":{"rendered":"http:\/\/www.terapiasdeavanzada.org\/web\/?page_id=1324"},"modified":"2019-09-12T13:18:07","modified_gmt":"2019-09-12T16:18:07","slug":"programa-entrenamiento-en-sistema-sintesis-energia","status":"publish","type":"page","link":"https:\/\/www.terapiasdeavanzada.org\/web\/programa-entrenamiento-en-sistema-sintesis-energia\/","title":{"rendered":"Programas de los Entrenamientos en Sistema Synthesis Energ\u00eda"},"content":{"rendered":"<p><span style=\"color: #ff0000;\"><strong><span style=\"font-family: helvetica, arial, sans-serif;\">EFT &#8211; Emotional Freedom Technique &#8211; Gary Craig&#x2122;<\/span><\/strong><\/span><\/p>\n<p><span style=\"font-family: helvetica, arial, sans-serif; font-size: 10pt;\">-Historia <\/span><br \/>\n<span style=\"font-family: helvetica, arial, sans-serif; font-size: 10pt;\">-T\u00e9cnicas basadas en la energ\u00eda<\/span><br \/>\n<span style=\"font-family: helvetica, arial, sans-serif; font-size: 10pt;\">-Neurofisiolog\u00eda de las t\u00e9cnicas basadas en la energ\u00eda<\/span><br \/>\n<span style=\"font-family: helvetica, arial, sans-serif; font-size: 10pt;\">-El campo del pensamiento <\/span><br \/>\n<span style=\"font-family: helvetica, arial, sans-serif; font-size: 10pt;\">-Alcances de EFT<\/span><br \/>\n<span style=\"font-family: helvetica, arial, sans-serif; font-size: 10pt;\">-El Estr\u00e9s y el Poder de la Sanaci\u00f3n Emocional <\/span><br \/>\n<span style=\"font-family: helvetica, arial, sans-serif; font-size: 10pt;\">-La Receta B\u00e1sica de EFT &#8211; Gary Craig&#x2122; <\/span><br \/>\n<span style=\"font-family: helvetica, arial, sans-serif; font-size: 10pt;\">-Como medir la intensidad de la perturbaci\u00f3n<\/span><br \/>\n<span style=\"font-family: helvetica, arial, sans-serif; font-size: 10pt;\">&#8211; Los 4 Pasos &#8211; Rev\u00e9s Psicol\u00f3gico o Reversi\u00f3n Psicol\u00f3gica <\/span><br \/>\n<span style=\"font-family: helvetica, arial, sans-serif; font-size: 10pt;\">-Tipos <em>&#8211; La afirmaci\u00f3n correctora de la .Ps. <\/em>&#8211; El Punto de Karate \u2013 ID3- Puntos de correcci\u00f3n de la R. Ps <\/span><br \/>\n<span style=\"font-family: helvetica, arial, sans-serif; font-size: 10pt;\">-Puntos de correcci\u00f3n de la secuencia b\u00e1sica: &#8211; Puntos de la cabeza &#8211; Puntos del t\u00f3rax\u00a0&#8211; Puntos de la mano &#8211; El 9 Gamut &#8211; La Frase Recordatoria <\/span><br \/>\n<span style=\"font-family: helvetica, arial, sans-serif; font-size: 10pt;\">-Los Aspectos de EFT &#8211; Su importancia &#8211; El Efecto de Generalizaci\u00f3n- Beneficios Secundarios- Efecto retardado de EFT- -Gu\u00eda R\u00e1pida de EFT<\/span><br \/>\n<span style=\"font-family: helvetica, arial, sans-serif; font-size: 10pt;\">&#8211; Pasos de EFT<\/span><br \/>\n<span style=\"font-family: helvetica, arial, sans-serif; font-size: 10pt;\">-Distintas maneras de aplicar EFT<\/span><br \/>\n<span style=\"font-family: helvetica, arial, sans-serif; font-size: 10pt;\">-Tapping gestual<\/span><\/p>\n","protected":false},"excerpt":{"rendered":"<p>EFT &#8211; Emotional Freedom Technique &#8211; Gary Craig&#x2122; -Historia -T\u00e9cnicas basadas en la energ\u00eda -Neurofisiolog\u00eda de las t\u00e9cnicas basadas en la energ\u00eda -El campo del pensamiento -Alcances de EFT -El Estr\u00e9s y el Poder de la Sanaci\u00f3n Emocional -La Receta B\u00e1sica de EFT &#8211; Gary Craig&#x2122; -Como medir la intensidad de la perturbaci\u00f3n &#8211; Los &hellip;<\/p>\n<p class=\"read-more\"> <a class=\"\" href=\"https:\/\/www.terapiasdeavanzada.org\/web\/programa-entrenamiento-en-sistema-sintesis-energia\/\"> <span class=\"screen-reader-text\">Programas de los Entrenamientos en Sistema Synthesis Energ\u00eda<\/span> Leer m\u00e1s &raquo;<\/a><\/p>\n","protected":false},"author":4,"featured_media":0,"parent":0,"menu_order":0,"comment_status":"closed","ping_status":"closed","template":"","meta":{"site-sidebar-layout":"default","site-content-layout":"default","ast-global-header-display":"","ast-banner-title-visibility":"","ast-main-header-display":"","ast-hfb-above-header-display":"","ast-hfb-below-header-display":"","ast-hfb-mobile-header-display":"","site-post-title":"","ast-breadcrumbs-content":"","ast-featured-img":"","footer-sml-layout":"","theme-transparent-header-meta":"","adv-header-id-meta":"","stick-header-meta":"","header-above-stick-meta":"","header-main-stick-meta":"","header-below-stick-meta":""},"_links":{"self":[{"href":"https:\/\/www.terapiasdeavanzada.org\/web\/wp-json\/wp\/v2\/pages\/1324"}],"collection":[{"href":"https:\/\/www.terapiasdeavanzada.org\/web\/wp-json\/wp\/v2\/pages"}],"about":[{"href":"https:\/\/www.terapiasdeavanzada.org\/web\/wp-json\/wp\/v2\/types\/page"}],"author":[{"embeddable":true,"href":"https:\/\/www.terapiasdeavanzada.org\/web\/wp-json\/wp\/v2\/users\/4"}],"replies":[{"embeddable":true,"href":"https:\/\/www.terapiasdeavanzada.org\/web\/wp-json\/wp\/v2\/comments?post=1324"}],"version-history":[{"count":3,"href":"https:\/\/www.terapiasdeavanzada.org\/web\/wp-json\/wp\/v2\/pages\/1324\/revisions"}],"predecessor-version":[{"id":1347,"href":"https:\/\/www.terapiasdeavanzada.org\/web\/wp-json\/wp\/v2\/pages\/1324\/revisions\/1347"}],"wp:attachment":[{"href":"https:\/\/www.terapiasdeavanzada.org\/web\/wp-json\/wp\/v2\/media?parent=1324"}],"curies":[{"name":"wp","href":"https:\/\/api.w.org\/{rel}","templated":true}]}}