{"id":142,"date":"2018-03-28T21:22:36","date_gmt":"2018-03-29T00:22:36","guid":{"rendered":"http:\/\/www.terapiasdeavanzada.org\/web\/?page_id=142"},"modified":"2021-12-19T10:06:36","modified_gmt":"2021-12-19T13:06:36","slug":"tecnicas-de-terapias-de-avanzada","status":"publish","type":"page","link":"https:\/\/www.terapiasdeavanzada.org\/web\/tecnicas-de-terapias-de-avanzada\/","title":{"rendered":"T\u00c9CNICAS DE TERAPIAS DE AVANZADA"},"content":{"rendered":"\t\t<div data-elementor-type=\"wp-page\" data-elementor-id=\"142\" class=\"elementor elementor-142\">\n\t\t\t\t\t\t\t\t\t<section class=\"elementor-section elementor-top-section elementor-element elementor-element-50178fe elementor-section-boxed elementor-section-height-default elementor-section-height-default\" data-id=\"50178fe\" data-element_type=\"section\">\n\t\t\t\t\t\t<div class=\"elementor-container elementor-column-gap-default\">\n\t\t\t\t\t<div class=\"elementor-column elementor-col-100 elementor-top-column elementor-element elementor-element-141b0a0\" data-id=\"141b0a0\" data-element_type=\"column\">\n\t\t\t<div class=\"elementor-widget-wrap elementor-element-populated\">\n\t\t\t\t\t\t\t\t<div class=\"elementor-element elementor-element-1822688 elementor-widget elementor-widget-text-editor\" data-id=\"1822688\" data-element_type=\"widget\" data-widget_type=\"text-editor.default\">\n\t\t\t\t<div class=\"elementor-widget-container\">\n\t\t\t<style>\/*! elementor - v3.14.0 - 26-06-2023 *\/\n.elementor-widget-text-editor.elementor-drop-cap-view-stacked .elementor-drop-cap{background-color:#69727d;color:#fff}.elementor-widget-text-editor.elementor-drop-cap-view-framed .elementor-drop-cap{color:#69727d;border:3px solid;background-color:transparent}.elementor-widget-text-editor:not(.elementor-drop-cap-view-default) .elementor-drop-cap{margin-top:8px}.elementor-widget-text-editor:not(.elementor-drop-cap-view-default) .elementor-drop-cap-letter{width:1em;height:1em}.elementor-widget-text-editor .elementor-drop-cap{float:left;text-align:center;line-height:1;font-size:50px}.elementor-widget-text-editor .elementor-drop-cap-letter{display:inline-block}<\/style>\t\t\t\t<p><strong>\u00bfQU\u00c9 SON LAS TERAPIAS DE AVANZADA?<br \/><\/strong><br \/><strong>Son un nuevo paradigma basado en las neurociencias. La posibilidad de desensibilizar traumas en forma veloz, sin necesidad de un trabajo arduo ni por parte del paciente ni por parte del terapeuta posibilita abreviar la duraci\u00f3n de los tratamientos.<\/strong><\/p><p>Ya no hace falta explorar durante meses o a\u00f1os la manera de pensar del paciente, con estas terapias en un breve lapso se obtienen resultados espectaculares.<br \/>El consenso entre el p\u00fablico en general, y la gran mayor\u00eda de los m\u00e9dicos y psic\u00f3logos es que la curaci\u00f3n de los cuadros emocionales o psiqui\u00e1tricos es necesariamente muy lenta, dif\u00edcil y sufriente. El efecto logrado con estos nuevos m\u00e9todos terap\u00e9uticos, desmiente estas creencias arraigadas.<\/p><p><strong>\u00bfCOMO ACT\u00daAN?<\/strong><\/p><p>Al colocar en la pantalla de la mente un tema problema o disfuncional, que genere una emoci\u00f3n negativa, se produce un desequilibrio el\u00e9ctrico entre ambos hemisferios cerebrales; objetivable con un mapeo cerebral o con una resonancia magn\u00e9tica funcional. Las <strong>Terapias de Avanzada\u00ae<\/strong> corrigen este desequilibrio, resolviendo velozmente los s\u00edntomas del cuadro cl\u00ednico. Gracias a ellas podemos tratar con \u00e9xito una gran gama de patolog\u00edas, brindar alivio o curaci\u00f3n, de manera veloz y duradera. Todas ellas se pueden integrar f\u00e1cilmente a los tradicionales m\u00e9todos de psicoterapia,<\/p><p>\u00a0<\/p>\t\t\t\t\t\t<\/div>\n\t\t\t\t<\/div>\n\t\t\t\t\t<\/div>\n\t\t<\/div>\n\t\t\t\t\t\t\t<\/div>\n\t\t<\/section>\n\t\t\t\t<section class=\"elementor-section elementor-top-section elementor-element elementor-element-748ac447 elementor-section-boxed elementor-section-height-default elementor-section-height-default\" data-id=\"748ac447\" data-element_type=\"section\">\n\t\t\t\t\t\t<div class=\"elementor-container elementor-column-gap-default\">\n\t\t\t\t\t<div class=\"elementor-column elementor-col-33 elementor-top-column elementor-element elementor-element-fb381c3\" data-id=\"fb381c3\" data-element_type=\"column\" data-settings=\"{&quot;background_background&quot;:&quot;classic&quot;}\">\n\t\t\t<div class=\"elementor-widget-wrap elementor-element-populated\">\n\t\t\t\t\t\t\t\t<div class=\"elementor-element elementor-element-61811f72 elementor-widget elementor-widget-image\" data-id=\"61811f72\" data-element_type=\"widget\" data-widget_type=\"image.default\">\n\t\t\t\t<div class=\"elementor-widget-container\">\n\t\t\t<style>\/*! elementor - v3.14.0 - 26-06-2023 *\/\n.elementor-widget-image{text-align:center}.elementor-widget-image a{display:inline-block}.elementor-widget-image a img[src$=\".svg\"]{width:48px}.elementor-widget-image img{vertical-align:middle;display:inline-block}<\/style>\t\t\t\t\t\t\t\t\t\t\t\t\t<a href=\"http:\/\/www.terapiasdeavanzada.org\/web\/?page_id=106\">\n\t\t\t\t\t\t\t<img decoding=\"async\" width=\"300\" height=\"228\" src=\"https:\/\/www.terapiasdeavanzada.org\/web\/wp-content\/uploads\/2018\/06\/cerebro3.png\" class=\"elementor-animation-pop attachment-large size-large wp-image-542\" alt=\"\" loading=\"lazy\" srcset=\"https:\/\/www.terapiasdeavanzada.org\/web\/wp-content\/uploads\/2018\/06\/cerebro3.png 300w, https:\/\/www.terapiasdeavanzada.org\/web\/wp-content\/uploads\/2018\/06\/cerebro3-211x160.png 211w, https:\/\/www.terapiasdeavanzada.org\/web\/wp-content\/uploads\/2018\/06\/cerebro3-150x114.png 150w\" sizes=\"(max-width: 300px) 100vw, 300px\" \/>\t\t\t\t\t\t\t\t<\/a>\n\t\t\t\t\t\t\t\t\t\t\t\t\t\t\t<\/div>\n\t\t\t\t<\/div>\n\t\t\t\t<div class=\"elementor-element elementor-element-2ccb473d elementor-widget elementor-widget-text-editor\" data-id=\"2ccb473d\" data-element_type=\"widget\" data-widget_type=\"text-editor.default\">\n\t\t\t\t<div class=\"elementor-widget-container\">\n\t\t\t\t\t\t\t<h4 style=\"text-align: center;\"><span style=\"color: #ffffff;\">Basadas en la Integraci\u00f3n Cerebral<\/span><\/h4>\t\t\t\t\t\t<\/div>\n\t\t\t\t<\/div>\n\t\t\t\t<div class=\"elementor-element elementor-element-4396b3f7 elementor-align-center elementor-widget elementor-widget-button\" data-id=\"4396b3f7\" data-element_type=\"widget\" data-widget_type=\"button.default\">\n\t\t\t\t<div class=\"elementor-widget-container\">\n\t\t\t\t\t<div class=\"elementor-button-wrapper\">\n\t\t\t<a class=\"elementor-button elementor-button-link elementor-size-md\" href=\"http:\/\/www.terapiasdeavanzada.org\/web\/?page_id=356\" rel=\"nofollow\">\n\t\t\t\t\t\t<span class=\"elementor-button-content-wrapper\">\n\t\t\t\t\t\t<span class=\"elementor-button-text\">Terapias de Avanzada - EMDR - Argentina \u00ae<\/span>\n\t\t<\/span>\n\t\t\t\t\t<\/a>\n\t\t<\/div>\n\t\t\t\t<\/div>\n\t\t\t\t<\/div>\n\t\t\t\t<div class=\"elementor-element elementor-element-1f95c101 elementor-align-center elementor-widget elementor-widget-button\" data-id=\"1f95c101\" data-element_type=\"widget\" data-widget_type=\"button.default\">\n\t\t\t\t<div class=\"elementor-widget-container\">\n\t\t\t\t\t<div class=\"elementor-button-wrapper\">\n\t\t\t<a class=\"elementor-button elementor-button-link elementor-size-md\" href=\"http:\/\/www.terapiasdeavanzada.org\/web\/?page_id=396\" rel=\"nofollow\">\n\t\t\t\t\t\t<span class=\"elementor-button-content-wrapper\">\n\t\t\t\t\t\t<span class=\"elementor-button-text\">TIC: T\u00e9cnicas de Integraci\u00f3n Cerebral\u00ae<br>Anteojos Hemisf\u00e9ricos\u00ae<br> 1 Ojo x Vez\u00ae<\/span>\n\t\t<\/span>\n\t\t\t\t\t<\/a>\n\t\t<\/div>\n\t\t\t\t<\/div>\n\t\t\t\t<\/div>\n\t\t\t\t<div class=\"elementor-element elementor-element-5fa1bebd elementor-align-center elementor-widget elementor-widget-button\" data-id=\"5fa1bebd\" data-element_type=\"widget\" data-widget_type=\"button.default\">\n\t\t\t\t<div class=\"elementor-widget-container\">\n\t\t\t\t\t<div class=\"elementor-button-wrapper\">\n\t\t\t<a class=\"elementor-button elementor-button-link elementor-size-md\" href=\"http:\/\/www.terapiasdeavanzada.org\/web\/?page_id=366\" rel=\"nofollow\">\n\t\t\t\t\t\t<span class=\"elementor-button-content-wrapper\">\n\t\t\t\t\t\t<span class=\"elementor-button-text\">Cromo -TIC \u00ae y Cromo -Auriculoterapia para el trauma ps\u00edquico \u00ae<\/span>\n\t\t<\/span>\n\t\t\t\t\t<\/a>\n\t\t<\/div>\n\t\t\t\t<\/div>\n\t\t\t\t<\/div>\n\t\t\t\t\t<\/div>\n\t\t<\/div>\n\t\t\t\t<div class=\"elementor-column elementor-col-33 elementor-top-column elementor-element elementor-element-16a15ef4\" data-id=\"16a15ef4\" data-element_type=\"column\" data-settings=\"{&quot;background_background&quot;:&quot;classic&quot;}\">\n\t\t\t<div class=\"elementor-widget-wrap elementor-element-populated\">\n\t\t\t\t\t\t\t\t<div class=\"elementor-element elementor-element-781ade3f elementor-widget elementor-widget-image\" data-id=\"781ade3f\" data-element_type=\"widget\" data-widget_type=\"image.default\">\n\t\t\t\t<div class=\"elementor-widget-container\">\n\t\t\t\t\t\t\t\t\t\t\t\t\t\t\t\t<a href=\"http:\/\/www.terapiasdeavanzada.org\/web\/?page_id=109\">\n\t\t\t\t\t\t\t<img decoding=\"async\" width=\"300\" height=\"228\" src=\"https:\/\/www.terapiasdeavanzada.org\/web\/wp-content\/uploads\/2018\/06\/yinyanpng.png\" class=\"elementor-animation-pop attachment-large size-large wp-image-555\" alt=\"\" loading=\"lazy\" srcset=\"https:\/\/www.terapiasdeavanzada.org\/web\/wp-content\/uploads\/2018\/06\/yinyanpng.png 300w, https:\/\/www.terapiasdeavanzada.org\/web\/wp-content\/uploads\/2018\/06\/yinyanpng-211x160.png 211w, https:\/\/www.terapiasdeavanzada.org\/web\/wp-content\/uploads\/2018\/06\/yinyanpng-150x114.png 150w\" sizes=\"(max-width: 300px) 100vw, 300px\" \/>\t\t\t\t\t\t\t\t<\/a>\n\t\t\t\t\t\t\t\t\t\t\t\t\t\t\t<\/div>\n\t\t\t\t<\/div>\n\t\t\t\t<div class=\"elementor-element elementor-element-c102670 elementor-widget elementor-widget-text-editor\" data-id=\"c102670\" data-element_type=\"widget\" data-widget_type=\"text-editor.default\">\n\t\t\t\t<div class=\"elementor-widget-container\">\n\t\t\t\t\t\t\t<h4 style=\"text-align: center;\"><span style=\"color: #ffffff;\">Basadas en la Energ\u00eda<\/span><\/h4>\n\t\t\t\t\t\t<\/div>\n\t\t\t\t<\/div>\n\t\t\t\t<div class=\"elementor-element elementor-element-31b0c4cc elementor-align-center elementor-widget elementor-widget-button\" data-id=\"31b0c4cc\" data-element_type=\"widget\" data-widget_type=\"button.default\">\n\t\t\t\t<div class=\"elementor-widget-container\">\n\t\t\t\t\t<div class=\"elementor-button-wrapper\">\n\t\t\t<a class=\"elementor-button elementor-button-link elementor-size-md\" href=\"http:\/\/www.terapiasdeavanzada.org\/web\/?page_id=378\" rel=\"nofollow\">\n\t\t\t\t\t\t<span class=\"elementor-button-content-wrapper\">\n\t\t\t\t\t\t<span class=\"elementor-button-text\">TEST DE RESISTENCIA MUSCULAR<\/span>\n\t\t<\/span>\n\t\t\t\t\t<\/a>\n\t\t<\/div>\n\t\t\t\t<\/div>\n\t\t\t\t<\/div>\n\t\t\t\t<div class=\"elementor-element elementor-element-416c460d elementor-align-center elementor-widget elementor-widget-button\" data-id=\"416c460d\" data-element_type=\"widget\" data-widget_type=\"button.default\">\n\t\t\t\t<div class=\"elementor-widget-container\">\n\t\t\t\t\t<div class=\"elementor-button-wrapper\">\n\t\t\t<a class=\"elementor-button elementor-button-link elementor-size-md\" href=\"http:\/\/www.terapiasdeavanzada.org\/web\/?page_id=381\" rel=\"nofollow\">\n\t\t\t\t\t\t<span class=\"elementor-button-content-wrapper\">\n\t\t\t\t\t\t<span class=\"elementor-button-text\">Kinesiolog\u00eda Emocional \u00ae <br> TREE - EFT -TAT -  Emociones Atrapadas<\/span>\n\t\t<\/span>\n\t\t\t\t\t<\/a>\n\t\t<\/div>\n\t\t\t\t<\/div>\n\t\t\t\t<\/div>\n\t\t\t\t<div class=\"elementor-element elementor-element-4a2589de elementor-align-center elementor-widget elementor-widget-button\" data-id=\"4a2589de\" data-element_type=\"widget\" data-widget_type=\"button.default\">\n\t\t\t\t<div class=\"elementor-widget-container\">\n\t\t\t\t\t<div class=\"elementor-button-wrapper\">\n\t\t\t<a class=\"elementor-button elementor-button-link elementor-size-md\" href=\"http:\/\/www.terapiasdeavanzada.org\/web\/?page_id=372\" rel=\"nofollow\">\n\t\t\t\t\t\t<span class=\"elementor-button-content-wrapper\">\n\t\t\t\t\t\t<span class=\"elementor-button-text\">Kinesiolog\u00eda de la Salud \u00ae <br>TOUCH FOR HEALTH<\/span>\n\t\t<\/span>\n\t\t\t\t\t<\/a>\n\t\t<\/div>\n\t\t\t\t<\/div>\n\t\t\t\t<\/div>\n\t\t\t\t\t<\/div>\n\t\t<\/div>\n\t\t\t\t<div class=\"elementor-column elementor-col-33 elementor-top-column elementor-element elementor-element-6f58c2c2\" data-id=\"6f58c2c2\" data-element_type=\"column\" data-settings=\"{&quot;background_background&quot;:&quot;classic&quot;}\">\n\t\t\t<div class=\"elementor-widget-wrap elementor-element-populated\">\n\t\t\t\t\t\t\t\t<div class=\"elementor-element elementor-element-21aa61fb elementor-widget elementor-widget-image\" data-id=\"21aa61fb\" data-element_type=\"widget\" data-widget_type=\"image.default\">\n\t\t\t\t<div class=\"elementor-widget-container\">\n\t\t\t\t\t\t\t\t\t\t\t\t\t\t\t<img decoding=\"async\" width=\"300\" height=\"228\" src=\"https:\/\/www.terapiasdeavanzada.org\/web\/wp-content\/uploads\/2018\/06\/otras-png.png\" class=\"elementor-animation-pop attachment-large size-large wp-image-572\" alt=\"\" loading=\"lazy\" srcset=\"https:\/\/www.terapiasdeavanzada.org\/web\/wp-content\/uploads\/2018\/06\/otras-png.png 300w, https:\/\/www.terapiasdeavanzada.org\/web\/wp-content\/uploads\/2018\/06\/otras-png-211x160.png 211w, https:\/\/www.terapiasdeavanzada.org\/web\/wp-content\/uploads\/2018\/06\/otras-png-150x114.png 150w\" sizes=\"(max-width: 300px) 100vw, 300px\" \/>\t\t\t\t\t\t\t\t\t\t\t\t\t\t\t<\/div>\n\t\t\t\t<\/div>\n\t\t\t\t<div class=\"elementor-element elementor-element-352c5baf elementor-align-center elementor-widget elementor-widget-button\" data-id=\"352c5baf\" data-element_type=\"widget\" data-widget_type=\"button.default\">\n\t\t\t\t<div class=\"elementor-widget-container\">\n\t\t\t\t\t<div class=\"elementor-button-wrapper\">\n\t\t\t<a class=\"elementor-button elementor-button-link elementor-size-md\" href=\"http:\/\/www.terapiasdeavanzada.org\/web\/?page_id=384\" rel=\"nofollow\">\n\t\t\t\t\t\t<span class=\"elementor-button-content-wrapper\">\n\t\t\t\t\t\t<span class=\"elementor-button-text\">PET (Pain Erasing Technique) <BR> Borrado del dolor...y mas alla !<\/span>\n\t\t<\/span>\n\t\t\t\t\t<\/a>\n\t\t<\/div>\n\t\t\t\t<\/div>\n\t\t\t\t<\/div>\n\t\t\t\t<div class=\"elementor-element elementor-element-7b886e19 elementor-align-center elementor-widget elementor-widget-button\" data-id=\"7b886e19\" data-element_type=\"widget\" data-widget_type=\"button.default\">\n\t\t\t\t<div class=\"elementor-widget-container\">\n\t\t\t\t\t<div class=\"elementor-button-wrapper\">\n\t\t\t<a class=\"elementor-button elementor-button-link elementor-size-md\" href=\"http:\/\/www.terapiasdeavanzada.org\/web\/?page_id=387\" rel=\"nofollow\">\n\t\t\t\t\t\t<span class=\"elementor-button-content-wrapper\">\n\t\t\t\t\t\t<span class=\"elementor-button-text\">CRANEOPUNTURA DE YAMAMOTO<\/span>\n\t\t<\/span>\n\t\t\t\t\t<\/a>\n\t\t<\/div>\n\t\t\t\t<\/div>\n\t\t\t\t<\/div>\n\t\t\t\t<div class=\"elementor-element elementor-element-60172f11 elementor-align-center elementor-widget elementor-widget-button\" data-id=\"60172f11\" data-element_type=\"widget\" data-widget_type=\"button.default\">\n\t\t\t\t<div class=\"elementor-widget-container\">\n\t\t\t\t\t<div class=\"elementor-button-wrapper\">\n\t\t\t<a class=\"elementor-button elementor-button-link elementor-size-md\" href=\"http:\/\/www.terapiasdeavanzada.org\/web\/?page_id=390\" rel=\"nofollow\">\n\t\t\t\t\t\t<span class=\"elementor-button-content-wrapper\">\n\t\t\t\t\t\t<span class=\"elementor-button-text\">PAR BIOMAGN\u00c9TICO M\u00c9DICO<\/span>\n\t\t<\/span>\n\t\t\t\t\t<\/a>\n\t\t<\/div>\n\t\t\t\t<\/div>\n\t\t\t\t<\/div>\n\t\t\t\t<div class=\"elementor-element elementor-element-ac27189 elementor-align-center elementor-widget elementor-widget-button\" data-id=\"ac27189\" data-element_type=\"widget\" data-widget_type=\"button.default\">\n\t\t\t\t<div class=\"elementor-widget-container\">\n\t\t\t\t\t<div class=\"elementor-button-wrapper\">\n\t\t\t<a class=\"elementor-button elementor-button-link elementor-size-md\" href=\"http:\/\/www.terapiasdeavanzada.org\/web\/?page_id=393\" rel=\"nofollow\">\n\t\t\t\t\t\t<span class=\"elementor-button-content-wrapper\">\n\t\t\t\t\t\t<span class=\"elementor-button-text\">BIO QUANTUM THERAPY<BR> Medicina Cu\u00e1ntica<\/span>\n\t\t<\/span>\n\t\t\t\t\t<\/a>\n\t\t<\/div>\n\t\t\t\t<\/div>\n\t\t\t\t<\/div>\n\t\t\t\t<div class=\"elementor-element elementor-element-2888876a elementor-align-center elementor-widget elementor-widget-button\" data-id=\"2888876a\" data-element_type=\"widget\" data-widget_type=\"button.default\">\n\t\t\t\t<div class=\"elementor-widget-container\">\n\t\t\t\t\t<div class=\"elementor-button-wrapper\">\n\t\t\t<a class=\"elementor-button elementor-button-link elementor-size-md\" href=\"http:\/\/susanabuscaglia.com\/\" rel=\"nofollow\">\n\t\t\t\t\t\t<span class=\"elementor-button-content-wrapper\">\n\t\t\t\t\t\t<span class=\"elementor-button-text\">SANERG\u00cdA<\/span>\n\t\t<\/span>\n\t\t\t\t\t<\/a>\n\t\t<\/div>\n\t\t\t\t<\/div>\n\t\t\t\t<\/div>\n\t\t\t\t<div class=\"elementor-element elementor-element-280dc589 elementor-align-center elementor-widget elementor-widget-button\" data-id=\"280dc589\" data-element_type=\"widget\" data-widget_type=\"button.default\">\n\t\t\t\t<div class=\"elementor-widget-container\">\n\t\t\t\t\t<div class=\"elementor-button-wrapper\">\n\t\t\t<a class=\"elementor-button elementor-button-link elementor-size-md\" href=\"http:\/\/susanabuscaglia.com\/\" rel=\"nofollow\">\n\t\t\t\t\t\t<span class=\"elementor-button-content-wrapper\">\n\t\t\t\t\t\t<span class=\"elementor-button-text\">REPROGRAMACI\u00d3N DEL ADN<\/span>\n\t\t<\/span>\n\t\t\t\t\t<\/a>\n\t\t<\/div>\n\t\t\t\t<\/div>\n\t\t\t\t<\/div>\n\t\t\t\t\t<\/div>\n\t\t<\/div>\n\t\t\t\t\t\t\t<\/div>\n\t\t<\/section>\n\t\t\t\t<section class=\"elementor-section elementor-top-section elementor-element elementor-element-06e3618 elementor-section-boxed elementor-section-height-default elementor-section-height-default\" data-id=\"06e3618\" data-element_type=\"section\">\n\t\t\t\t\t\t<div class=\"elementor-container elementor-column-gap-default\">\n\t\t\t\t\t<div class=\"elementor-column elementor-col-100 elementor-top-column elementor-element elementor-element-60e5a43\" data-id=\"60e5a43\" data-element_type=\"column\">\n\t\t\t<div class=\"elementor-widget-wrap elementor-element-populated\">\n\t\t\t\t\t\t\t\t<div class=\"elementor-element elementor-element-9679bec elementor-widget elementor-widget-text-editor\" data-id=\"9679bec\" data-element_type=\"widget\" data-widget_type=\"text-editor.default\">\n\t\t\t\t<div class=\"elementor-widget-container\">\n\t\t\t\t\t\t\t<p><strong>\u00bfQui\u00e9nes se pueden beneficiar con estos tratamientos?<br \/><\/strong><br \/>Los cuadros cl\u00ednicos que se pueden beneficiar con<strong> las Terapias de Avanzada\u00ae<\/strong> son numerosos. A grandes rasgos y gen\u00e9ricamente, todos los cuadros no psic\u00f3ticos, y algunos s\u00edntomas de los cuadros psic\u00f3ticos.<\/p><p><strong>Trastornos de Ansiedad:<\/strong> Trastorno de P\u00e1nico, Agorafobia, Fobias, Trastorno de Ansiedad Generalizada, Trastorno de Estr\u00e9s Post Traum\u00e1tico, Fobia Social, Duelos, tanto normales como patol\u00f3gicos, Cuadros Depresivos, como la Depresi\u00f3n Mayor, la Distimia.<\/p><p><strong>Otros cuadros psicopatol\u00f3gicos:<\/strong> Dismorfofobias (preocupaci\u00f3n exagerada por alg\u00fan rasgo f\u00edsico o parte del cuerpo que es vivida como desagradable), los Trastornos Disociativos de la Identidad, las secuelas de abusos sexuales o f\u00edsicos, los traumas agudos (Trastorno de Estr\u00e9s Agudo) como los sufridos por las v\u00edctimas de violencia o de secuestros, tanto recientes como pasados, etc.<\/p>\t\t\t\t\t\t<\/div>\n\t\t\t\t<\/div>\n\t\t\t\t\t<\/div>\n\t\t<\/div>\n\t\t\t\t\t\t\t<\/div>\n\t\t<\/section>\n\t\t\t\t\t\t\t<\/div>\n\t\t","protected":false},"excerpt":{"rendered":"<p>\u00bfQU\u00c9 SON LAS TERAPIAS DE AVANZADA?Son un nuevo paradigma basado en las neurociencias. La posibilidad de desensibilizar traumas en forma veloz, sin necesidad de un trabajo arduo ni por parte del paciente ni por parte del terapeuta posibilita abreviar la duraci\u00f3n de los tratamientos. Ya no hace falta explorar durante meses o a\u00f1os la manera &hellip;<\/p>\n<p class=\"read-more\"> <a class=\"\" href=\"https:\/\/www.terapiasdeavanzada.org\/web\/tecnicas-de-terapias-de-avanzada\/\"> <span class=\"screen-reader-text\">T\u00c9CNICAS DE TERAPIAS DE AVANZADA<\/span> Leer m\u00e1s &raquo;<\/a><\/p>\n","protected":false},"author":1,"featured_media":0,"parent":0,"menu_order":0,"comment_status":"closed","ping_status":"closed","template":"","meta":{"site-sidebar-layout":"default","site-content-layout":"default","ast-global-header-display":"","ast-banner-title-visibility":"","ast-main-header-display":"","ast-hfb-above-header-display":"","ast-hfb-below-header-display":"","ast-hfb-mobile-header-display":"","site-post-title":"","ast-breadcrumbs-content":"","ast-featured-img":"","footer-sml-layout":"","theme-transparent-header-meta":"","adv-header-id-meta":"","stick-header-meta":"","header-above-stick-meta":"","header-main-stick-meta":"","header-below-stick-meta":""},"_links":{"self":[{"href":"https:\/\/www.terapiasdeavanzada.org\/web\/wp-json\/wp\/v2\/pages\/142"}],"collection":[{"href":"https:\/\/www.terapiasdeavanzada.org\/web\/wp-json\/wp\/v2\/pages"}],"about":[{"href":"https:\/\/www.terapiasdeavanzada.org\/web\/wp-json\/wp\/v2\/types\/page"}],"author":[{"embeddable":true,"href":"https:\/\/www.terapiasdeavanzada.org\/web\/wp-json\/wp\/v2\/users\/1"}],"replies":[{"embeddable":true,"href":"https:\/\/www.terapiasdeavanzada.org\/web\/wp-json\/wp\/v2\/comments?post=142"}],"version-history":[{"count":20,"href":"https:\/\/www.terapiasdeavanzada.org\/web\/wp-json\/wp\/v2\/pages\/142\/revisions"}],"predecessor-version":[{"id":1973,"href":"https:\/\/www.terapiasdeavanzada.org\/web\/wp-json\/wp\/v2\/pages\/142\/revisions\/1973"}],"wp:attachment":[{"href":"https:\/\/www.terapiasdeavanzada.org\/web\/wp-json\/wp\/v2\/media?parent=142"}],"curies":[{"name":"wp","href":"https:\/\/api.w.org\/{rel}","templated":true}]}}