{"id":2574,"date":"2025-01-08T13:09:03","date_gmt":"2025-01-08T16:09:03","guid":{"rendered":"https:\/\/www.terapiasdeavanzada.org\/web\/?page_id=2574"},"modified":"2025-02-12T13:16:03","modified_gmt":"2025-02-12T16:16:03","slug":"testimonios-2","status":"publish","type":"page","link":"https:\/\/www.terapiasdeavanzada.org\/web\/testimonios-2\/","title":{"rendered":"TESTIMONIOS"},"content":{"rendered":"<p>He realizado much\u00edsimas de las formaciones en Terapias de avanzada, entre ellas EMDR, TIC, ESCENA FUNDANTE, PET, HIPNOSIS ERICKSONIANA y much\u00edsimos talleres te\u00f3ricos como Personalidad adictiva y Trastornos de Personalidad. Tan \u00fatiles y clarificadores, con las excelentes docentes Raquel Ferrazzano, Susana Buscaglia y Rosana Romano. Contin\u00fao inscribi\u00e9ndome en las siguientes propuestas, porque aqu\u00ed encontr\u00e9 mi lugar. Un grupo humano maravilloso, tan formado y tan generoso, con un esp\u00edritu de investigaci\u00f3n\u00a0 que nos trae novedades a\u00f1o tras a\u00f1o.<br \/>\nRecomiendo fuertemente continuar el aprendizaje o adquirir nuevos recursos con este gran equipo docente. En lo personal, me han devuelto la\u00a0 Fe en la psicoterapia y en la posibilidad real de hacer cambios en mis pacientes en poco tiempo, yendo incluso m\u00e1s all\u00e1 de la voluntad de cambio operando en los niveles mas fundantes de su mente.<br \/>\nGracias,<\/p>\n<p>Sumahia Daher<br \/>\nLic. en Psicolog\u00eda<br \/>\nM.N. 33.915<br \/>\nArgentina<br \/>\n15-4889-1871<\/p>\n<hr \/>\n<div dir=\"auto\" data-olk-copy-source=\"MessageBody\">En primer lugar quisiera agradecer a Raquel y Rosana por la generosidad en la transmisi\u00f3n de los conocimientos, el apoyo y la presencia constante y la claridad de sus ense\u00f1anzas.<\/div>\n<div dir=\"auto\">La terapias de avanzada han cambiado la forma de abordar el trabajo con los pacientes, en enero del 2024, hace casi un a\u00f1o comenzaba la primera formaci\u00f3n y he tomado todos los entrenamientos que he podido a lo largo de este a\u00f1o; Y as\u00ed lo seguir\u00e9 haciendo.<\/div>\n<div dir=\"auto\">La manera en la que se modific\u00f3 el trabajo se manifiesta en la pronta recuperaci\u00f3n de los pacientes de s\u00edntomas que han sido tratado durante muchos a\u00f1os con terapias parlantes, fobias, ansiedad , estr\u00e9s, etc.\u00a0alivio de los s\u00edntomas y cambios en la conducta sin que medie la interpretaci\u00f3n.<\/div>\n<div dir=\"auto\">Recomiendo las Terapias de Avanzada a los profesionales.<\/div>\n<div dir=\"auto\"><\/div>\n<div dir=\"auto\">Much\u00edsimas gracias y les deseo que tengan un 2025 en movimiento y lleno de vida.<\/div>\n<div dir=\"auto\">Un abrazo afectuoso<\/div>\n<div dir=\"auto\"><\/div>\n<div dir=\"auto\">Lic \u00a0Miriam P\u00e9rez Bali<\/div>\n<div dir=\"auto\">MP 2219<\/div>\n<div dir=\"auto\">Colegio de Psic\u00f3logos de la Pcia de CBA<\/p>\n<hr \/>\n<p>He hecho el curso de TIC, y sus supervisiones. La verdad me pareci\u00f3 una t\u00e9cnica fant\u00e1stica. Muy eficiente y efectiva para trabajar con trauma en general, lo que abarca la gran mayoria de cuadros cl\u00ednicos. Rosana y Raquel, que fueron mis maestras, unas genias las dos. Saben much\u00edsimo y responden a todas la dudas. El enfoque m\u00e1s anal\u00edtico y minucioso de Rosana siento que me aport\u00f3 much\u00edsimo.<br \/>\nPlaneo seguir form\u00e1ndome en terapias de avanzada, porque son maravillosas.<br \/>\n<span style=\"color: var(--ast-global-color-3); font-size: 1rem; background-color: var(--ast-global-color-5);\"><span style=\"color: var(--ast-global-color-3); font-size: 1rem; background-color: var(--ast-global-color-5);\">Soy psic\u00f3logo de C\u00f3rdoba, Argentina, actualmente con mi matr\u00edcula en tr\u00e1mite.<br \/>\n<\/span><\/span><span style=\"font-size: 1rem; color: var(--ast-global-color-3); background-color: var(--ast-global-color-5);\">Un abrazo grande y feliz a\u00f1o, nos veremos en 2025.<\/span><\/p>\n<div dir=\"auto\">\n<div dir=\"auto\">\n<p>Psic. Gabriel Gonz\u00e1lez Beltramo<br \/>\n<span style=\"color: var(--ast-global-color-3); font-size: 1rem; background-color: var(--ast-global-color-5);\">Almafuerte &#8211; Pcia. de C\u00f3rdoba &#8211; Argentina<\/span><\/p>\n<\/div>\n<\/div>\n<\/div>\n<div dir=\"auto\">\n<hr \/>\n<p>Yo estoy muy contenta y agradecida de haber conocido y realizado la formaci\u00f3n EMDR de la mano de Raquel Ferrazzano y Rosana Romano, excelentes profesionales que as\u00ed lo han demostrado tanto en la formaci\u00f3n como en las supervisiones con continuos feedbacks de como llevar a cabo la sesi\u00f3n con los pacientes, dudas, mejorar y ejemplos y distintos modos de abordar los casos.<br \/>\nEn concreto Rosana me ha parecido una excelente profesional rigurosa, amorosa, y con mucha escucha y respeto hacia los practicantes.<br \/>\nCon ganas de aprender m\u00e1s t\u00e9cnicas, incluso Rosana me ha despertado la curiosidad por la terapia cognitiva.<br \/>\nEn sus intervenciones siempre tenemos algo nuevo que aprender. Y me maravilla cu\u00e1nto saben sobre psicolog\u00eda y todos lo que tenga que ver con el acompa\u00f1amiento a los clientes. Siempre aportan diferentes y nuevas perspectivas.<br \/>\nEn cuanto al EMDR y las terapias de energ\u00eda, se me ha abierto un nuevo mundo en la intervenci\u00f3n que me ha dado mucha fuerza, seguridad e impulso.<br \/>\nGracias Raquel y Rosana, a seguir disfrutando de los aprendizajes con vosotras.<br \/>\nGracias tambi\u00e9n a Susana Buscaglia por la formaci\u00f3n, de un d\u00eda, ofrecida gratuitamente para Espa\u00f1a de EMO BALANCE. Eminentemente pr\u00e1ctica, con ejemplos constantes, practicado en el momento, resolviendo todas nuestras dudas e inquietudes. Gracias por las herramientas tan valiosas para poder acompa\u00f1ar a las personas afectadas por la DANA el 29 de octubre de 2024 en Valencia, Espa\u00f1a.<\/p>\n<p>Mar\u00eda Jes\u00fas Surroca Pineda<br \/>\nPsic\u00f3loga, n\u00b0 colegiada: CV06979<br \/>\nAlicante, Espa\u00f1a.<\/p>\n<hr \/>\n<\/div>\n<div dir=\"auto\">Gracias a Terapias de Avanzada hay un antes y un despu\u00e9s como terapeuta y en m\u00ed vida personal. La calidad de atenci\u00f3n que hoy brindo a mis consultantes es excelente y eso se verifica a trav\u00e9s de los resultados, lo que brinda una gran satisfacci\u00f3n y alegr\u00eda tanto para ellos como para m\u00ed. Cada uno de los entrenamientos que he realizado han sido sumamente enriquecedores y beneficiosos. Recomiendo esta formaci\u00f3n de excelencia y calidad a trav\u00e9s de cada una de quienes han sido mis maestras, ya que brindan un acompa\u00f1amiento permanente no solo durante las pr\u00e1cticas y supervisiones, sino a trav\u00e9s de los grupos donde podemos realizar consultas, recibir asesoramiento y compartir experiencias, informaci\u00f3n de inter\u00e9s y bibliograf\u00eda.<\/p>\n<div dir=\"auto\">\n<div dir=\"auto\">Milagros Barreyra<\/div>\n<div dir=\"auto\">Lic. en Psicolog\u00eda<\/div>\n<div dir=\"auto\">Matr\u00edcula provincia de R\u00edo Negro 1033<\/div>\n<div dir=\"auto\"><\/div>\n<hr \/>\n<\/div>\n<\/div>\n<p><strong><u>Caso de \u00e9xito: superaci\u00f3n de ataques de p\u00e1nico tras un asalto<br \/>\n<\/u><\/strong>Sara, una mujer de 35 a\u00f1os, sufri\u00f3 un asalto violento a tres cuadras de su casa durante el cual fue robada por un hombre que ven\u00eda en bicicleta.<br \/>\nDespu\u00e9s del incidente, comenz\u00f3 a experimentar ataques de p\u00e1nico recurrentes cuando pasaba por el lugar. Antes del incidente manejaba y luego del incidente dej\u00f3 de manejar. A causa de los ataques de p\u00e1nico que incrementaron permaneci\u00f3 en su casa evitando salir.<br \/>\nSe comenz\u00f3 a trabajar con EMDR. Durante las sesiones se enfoc\u00f3 en los recuerdos traum\u00e1ticos del asalto que causaban mayor angustia, en las emociones y en las sensaciones f\u00edsicas asociadas con esos recuerdos.<br \/>\nSara aprendi\u00f3 t\u00e9cnicas de manejo del estr\u00e9s para sentirse m\u00e1s segura durante las sesiones reforzando tambi\u00e9n creencias positivas como \u201cestoy a salvo ahora\u201d y \u201csoy fuerte\u201d.<br \/>\nLuego de varias sesiones, Sara experiment\u00f3 una reducci\u00f3n significativa en la frecuencia y tambi\u00e9n en la intensidad de sus ataques de p\u00e1nico. Desarroll\u00f3 una mayor sensaci\u00f3n de control y seguridad en su vida diaria, lo cual result\u00f3 en lograr pasar por el lugar del asalto y retomar el manejo.<br \/>\nEste caso muestra c\u00f3mo EMDR puede ser una herramienta efectiva para ayudar a las personas a superar traumas y mejorar su calidad de vida.<\/p>\n<p>Arce, Dora Celia<br \/>\nCounselor<br \/>\nC.A.B.A<br \/>\ndca.arce@gmail.com<\/p>\n<hr \/>\n<p>Participar de las formaciones de TDA ha sido enormemente enriquecedor en mi pr\u00e1ctica profesional as\u00ed como en lo personal.<br \/>\nLas docentes son serias y ampliamente capacitadas, transmiten sus conocimientos con gran habilidad y claridad. Son accesibles a las consultas y dudas. Las supervisiones son altamente recomendables.<br \/>\n<span style=\"color: var(--ast-global-color-3); font-size: 1rem; background-color: var(--ast-global-color-5);\">Su enfoque amplio, diverso e integrador enriquece a profesionales de diferentes ramas y la efectividad de las t\u00e9cnicas impacta positivamente en nuestra pr\u00e1ctica profesional.<br \/>\n<\/span><span style=\"color: var(--ast-global-color-3); font-size: 1rem; background-color: var(--ast-global-color-5);\">El material de estudio est\u00e1 en constante actualizaci\u00f3n y es accesible. <\/span><span style=\"color: var(--ast-global-color-3); font-size: 1rem; background-color: var(--ast-global-color-5);\">En definitiva, formarse en TDA es una experiencia m\u00e1s que recomendable y transformadora.<\/span><\/p>\n<div dir=\"auto\">\n<div dir=\"auto\">\n<div dir=\"auto\">M. Virginia Zarranz<\/div>\n<div dir=\"auto\">Prof. Lic. En Psicolog\u00eda<\/div>\n<div dir=\"auto\">Mat. 5024<\/div>\n<div dir=\"auto\">Rosario, Argentina<\/p>\n<hr \/>\n<p>TESTIMONIO DE PET<\/p>\n<\/div>\n<div dir=\"auto\">Llegue al consultorio de Susana, con sintomas de falso sindrome de Sjorgen. Tenia los ojos secos, como si tuviera arena adentro, me picaban y ard\u00edan.<br \/>\n<span style=\"color: var(--ast-global-color-3); font-size: 1rem; background-color: var(--ast-global-color-5);\">Me hizo un ejercicio con los ojos que despu\u00e9s me dijo se llama PET, y comenzaron a hidratarse los ojos, me dejo de irritar, era como si me hubiese abierto unas canillitas, jaja.<br \/>\n<\/span><span style=\"color: var(--ast-global-color-3); font-size: 1rem; background-color: var(--ast-global-color-5);\">Pase dos d\u00edas muy bien, pero frente a una situaci\u00f3n emocional, volv\u00ed a sentir los s\u00edntomas y comenc\u00e9 \u00a0 a hacerme el ejercicio y me calmo enseguida hasta la actualidad<\/span><\/p>\n<div>\n<p><span style=\"color: var(--ast-global-color-3); font-size: 1rem; background-color: var(--ast-global-color-5);\">Paola Rossetti<br \/>\n<\/span><span style=\"color: var(--ast-global-color-3); font-size: 1rem; background-color: var(--ast-global-color-5);\">DNI 20572724<\/span><\/p>\n<hr \/>\n<p>Durante la pandemia quise hacer el entrenamiento en EMDR. Por recomendaci\u00f3n me inscrib\u00ed en Terapias de Avanzada. Me gusto mucho toda la informaci\u00f3n recibida en el curso, muy clara y completa y mucha ejercitaci\u00f3n en la aplicaci\u00f3n de la t\u00e9cnica. El grupo docente es excelente tanto desde el punto de vista de conocimientos as\u00ed tambi\u00e9n como en el trato personal. \u00a0Sobre todo me llam\u00f3 la atenci\u00f3n la generosidad en compartir conocimientos y en ayudar cuando se consulta por pacientes. Esto me llev\u00f3 a ir haciendo otros cursos all\u00ed que tambi\u00e9n me resultaron muy \u00fatiles en la pr\u00e1ctica profesional. En muchos casos los pacientes buscan profesionales que apliquen estas t\u00e9cnicas y los que no las conocen en general las reciben muy bien. La mejor\u00eda de los pacientes es muy r\u00e1pida.<\/p>\n<p>Mar\u00eda Mercedes Larroude<br \/>\nLic. en Psicolog\u00eda<br \/>\nMatricula 74889<\/p>\n<hr \/>\n<p><span data-olk-copy-source=\"MessageBody\">Desde que comenc\u00e9 las formaciones en Terapias de Svanzada fue un mundo pleno de conocimientos uno detr\u00e1s de otro, trasladado a los r\u00e1pidos cambios en los consultantes,\u00a0 hacen a\u00fan m\u00e1s el querer seguir en este mundo.<br \/>\nLas grandes maestras humildes, los compa\u00f1eros siempre apoyando y dando su saber\u2026<br \/>\nTodo esto y mucho m\u00e1s es Terapias de Avanzada!!<\/p>\n<p><\/span>Iris N\u00fa\u00f1ez<br \/>\nLic en Psicolog\u00eda<br \/>\nCP 105939<br \/>\nUruguay<\/p>\n<p><span data-olk-copy-source=\"MessageBody\">\u00a0<\/span><\/p>\n<\/div>\n<\/div>\n<\/div>\n<\/div>\n","protected":false},"excerpt":{"rendered":"<p>He realizado much\u00edsimas de las formaciones en Terapias de avanzada, entre ellas EMDR, TIC, ESCENA FUNDANTE, PET, HIPNOSIS ERICKSONIANA y much\u00edsimos talleres te\u00f3ricos como Personalidad adictiva y Trastornos de Personalidad. Tan \u00fatiles y clarificadores, con las excelentes docentes Raquel Ferrazzano, Susana Buscaglia y Rosana Romano. Contin\u00fao inscribi\u00e9ndome en las siguientes propuestas, porque aqu\u00ed encontr\u00e9 mi &hellip;<\/p>\n<p class=\"read-more\"> <a class=\"\" href=\"https:\/\/www.terapiasdeavanzada.org\/web\/testimonios-2\/\"> <span class=\"screen-reader-text\">TESTIMONIOS<\/span> Leer m\u00e1s &raquo;<\/a><\/p>\n","protected":false},"author":4,"featured_media":0,"parent":0,"menu_order":0,"comment_status":"closed","ping_status":"closed","template":"","meta":{"site-sidebar-layout":"default","site-content-layout":"default","ast-global-header-display":"","ast-banner-title-visibility":"","ast-main-header-display":"","ast-hfb-above-header-display":"","ast-hfb-below-header-display":"","ast-hfb-mobile-header-display":"","site-post-title":"","ast-breadcrumbs-content":"","ast-featured-img":"","footer-sml-layout":"","theme-transparent-header-meta":"default","adv-header-id-meta":"","stick-header-meta":"","header-above-stick-meta":"","header-main-stick-meta":"","header-below-stick-meta":""},"_links":{"self":[{"href":"https:\/\/www.terapiasdeavanzada.org\/web\/wp-json\/wp\/v2\/pages\/2574"}],"collection":[{"href":"https:\/\/www.terapiasdeavanzada.org\/web\/wp-json\/wp\/v2\/pages"}],"about":[{"href":"https:\/\/www.terapiasdeavanzada.org\/web\/wp-json\/wp\/v2\/types\/page"}],"author":[{"embeddable":true,"href":"https:\/\/www.terapiasdeavanzada.org\/web\/wp-json\/wp\/v2\/users\/4"}],"replies":[{"embeddable":true,"href":"https:\/\/www.terapiasdeavanzada.org\/web\/wp-json\/wp\/v2\/comments?post=2574"}],"version-history":[{"count":26,"href":"https:\/\/www.terapiasdeavanzada.org\/web\/wp-json\/wp\/v2\/pages\/2574\/revisions"}],"predecessor-version":[{"id":2645,"href":"https:\/\/www.terapiasdeavanzada.org\/web\/wp-json\/wp\/v2\/pages\/2574\/revisions\/2645"}],"wp:attachment":[{"href":"https:\/\/www.terapiasdeavanzada.org\/web\/wp-json\/wp\/v2\/media?parent=2574"}],"curies":[{"name":"wp","href":"https:\/\/api.w.org\/{rel}","templated":true}]}}