{"id":372,"date":"2018-05-09T08:50:48","date_gmt":"2018-05-09T11:50:48","guid":{"rendered":"http:\/\/www.terapiasdeavanzada.org\/web\/?page_id=372"},"modified":"2018-08-22T17:59:31","modified_gmt":"2018-08-22T20:59:31","slug":"touch-for-health","status":"publish","type":"page","link":"https:\/\/www.terapiasdeavanzada.org\/web\/touch-for-health\/","title":{"rendered":"TOUCH FOR HEALTH"},"content":{"rendered":"<h4><span style=\"font-family: helvetica, arial, sans-serif;\"><strong>TOUCH FOR HEALTH\u00a0<\/strong><\/span><br \/>\n<span style=\"font-family: helvetica, arial, sans-serif;\"><strong>(Toque para la Salud)<\/strong><\/span><\/h4>\n<p><span style=\"font-family: helvetica, arial, sans-serif;\"><strong>\u201cEl cuerpo sabe de qu\u00e9 sufrimos y qu\u00e9 necesitamos, s\u00f3lo basta con preguntarle para obtener la respuesta.\u201d<\/strong><\/span><\/p>\n<p>&nbsp;<\/p>\n<p><span style=\"font-family: helvetica, arial, sans-serif;\"><strong>Touch for Health o Toque para la salud<\/strong>,\u00a0es un sistema derivado de la \u201cKinesiolog\u00eda Aplicada\u201d. Este m\u00e9todo equilibra la energ\u00eda del cuerpo, alterada por diversos factores, emocionales, mentales o f\u00edsicos.<\/span><\/p>\n<p><span style=\"font-family: helvetica, arial, sans-serif;\">El Dr. John Thie de California USA, tuvo la intuici\u00f3n de difundir sus conocimientos de Medicina Naturista Preventiva, mediante el desarrollo de esta sencilla t\u00e9cnica, dise\u00f1ada para que puede ser aprendida y usada tanto por profesionales como por legos.<\/span><br \/>\n<span style=\"font-family: helvetica, arial, sans-serif;\">Utiliza principios de Medicina China y Medicina Occidental, y sencillas correcciones en puntos de acupresi\u00f3n y de drenaje de toxinas con los que se logra incrementar la energ\u00eda, liberar el dolor y el estr\u00e9s, tanto f\u00edsico como mental.<\/span><\/p>\n<p><span style=\"font-family: helvetica, arial, sans-serif;\">A partir del sistema de T.F.H se ha desarrollado todo una serie de pr\u00e1cticas que tienen como objetivo restablecer el equilibrio entre los aspectos Estructural (Anat\u00f3micos), Bioqu\u00edmicos (Fisiol\u00f3gico) y Mental\/Emocional (Psicol\u00f3gico) del ser humano, lo que se llam\u00f3 el\u00a0<strong>\u201cTri\u00e1ngulo de la Salud\u201d<\/strong>, con la filosof\u00eda de que si uno de estos tres lados del Triangulo se desequilibra, los otros dos tambi\u00e9n lo hacen y esto lleva a la perdida de la misma.<\/span><br \/>\n<span style=\"font-family: helvetica, arial, sans-serif;\">El\u00a0<strong>\u201cToque para la Salud\u201d<\/strong>\u00a0nos facilita el proceso de leer y utilizar la informaci\u00f3n del cuerpo al tiempo que nos permite saber como podemos devolver el equilibrio a todo nuestro organismo a todos los niveles en caso de que acuse alg\u00fan trastorno.<\/span><br \/>\n<span style=\"font-family: helvetica, arial, sans-serif;\">Los cambios que perciben los consultantes durante y despu\u00e9s de las sesiones de T.F.H. suelen ser profundos y duraderos.<\/span><\/p>\n<p><span style=\"font-family: helvetica, arial, sans-serif;\"><strong>TEST DE RESISTENCIA MUSCULAR<\/strong><\/span><br \/>\n<span style=\"font-family: helvetica, arial, sans-serif;\"><strong>\u00bfCUAL ES LA HERRAMIENTA DE TRABAJO?<\/strong><\/span><\/p>\n<p><span style=\"font-family: helvetica, arial, sans-serif;\">EL TEST DE RESISTENCIA MUSCULAR que se usa en TFH a dado origen a m\u00faltiples t\u00e9cnicas que lo utilizan.<\/span><\/p>\n<p><span style=\"font-family: helvetica, arial, sans-serif;\">Es\u00a0<strong>un m\u00e9todo diagn\u00f3stico cient\u00edficamente demostrado, que nos permite explorar la verdad interna de nuestro cuerpo, as\u00ed como leer sus se\u00f1ales y mensajes. La herramienta diagn\u00f3stica usada es el test de resistencia muscular, por medio del cual el terapeuta puede establecer un di\u00e1logo con el cuerpo de su consultante, para obtener la informaci\u00f3n necesaria para corregir los desequilibrios que presenta y as\u00ed ayudarlo a alcanzar sus metas, tanto en la salud como en el rendimiento y trabajo.<\/strong><\/span><br \/>\n<span style=\"font-family: helvetica, arial, sans-serif;\">El psiquiatra John Diamond fue el primer profesional de la salud mental, que us\u00f3 el sistema de meridianos de la medicina tradicional china para diagnosticar y tratar problemas emocionales.<\/span><br \/>\n<span style=\"font-family: helvetica, arial, sans-serif;\">Formado originalmente en la Kinesiolog\u00eda Aplicada, Diamond (1979) introdujo el test de resistencia muscular, como un m\u00e9todo para evaluar el flujo de energ\u00eda a trav\u00e9s de los meridianos y sus alteraciones producidas por estados de estr\u00e9s tanto f\u00edsicos como emocionales.<\/span><br \/>\n<span style=\"font-family: helvetica, arial, sans-serif;\">Posteriormente, y basado en estos trabajos, el especialista en Kinesiolog\u00eda Aplicada y Quiropr\u00e1ctico Dr. George Goodheart lo desarroll\u00f3 a\u00fan m\u00e1s y el\u00a0<strong>test de resistencia muscular<\/strong>\u00a0es actualmente la piedra fundamental de los procedimientos diagn\u00f3sticos de las Terapias basadas en la Energ\u00eda.<\/span><br \/>\n<span style=\"font-family: helvetica, arial, sans-serif;\">Experimentando con la resistencia muscular, tanto Diamond como Goodheart observaron que un individuo ten\u00eda un tono muscular firme cuando pensaba en algo placentero, y por el contrario cuando pensaba en algo displacentero el tono del m\u00fasculo se debilitaba.<\/span><br \/>\n<span style=\"font-family: helvetica, arial, sans-serif;\">Lo mismo suced\u00eda cuando pensaba en alg\u00fan hecho que era verdadero versus algo falso. Dedujo entonces que la integridad energ\u00e9tica del cuerpo, est\u00e1\u00a0<strong>comprometida<\/strong>\u00a0cuando el pensamiento produce estr\u00e9s o la informaci\u00f3n es falsa y\u00a0<strong>se evidencia con una respuesta muscular de debilidad<\/strong>.<\/span><\/p>\n<p><span style=\"font-family: helvetica, arial, sans-serif;\">El Test Muscular es entonces una manera r\u00e1pida y eficaz de comunicarse con el cuerpo sin la participaci\u00f3n consciente de la persona. Haciendo una leve presi\u00f3n sobre un m\u00fasculo y evaluando la respuesta del tono muscular, tono que est\u00e1 relacionado directamente con los centros emocionales que lo fijan. Esto nos permite establecer con el cuerpo del consultante un c\u00f3digo binario de comunicaci\u00f3n, por<strong>\u00a0S\u00cd<\/strong>\u00a0o por\u00a0<strong>NO<\/strong>, a trav\u00e9s del cual se obtiene la informaci\u00f3n que se necesita.<\/span><br \/>\n<span style=\"font-family: helvetica, arial, sans-serif;\"><strong>Es un arte<\/strong>\u00a0y como todo arte, hace falta pr\u00e1ctica para volverse experto en el mismo.<\/span><br \/>\n<span style=\"font-family: helvetica, arial, sans-serif;\">Es como aprender a tocar un instrumento musical, no basta con saber las posiciones de las manos, necesitamos practicar y mucho hasta lograr la maestr\u00eda.<\/span><br \/>\n<span style=\"font-family: helvetica, arial, sans-serif;\">Con el <strong>Test Muscular<\/strong> podemos valorar la energ\u00eda que el sistema\u00a0<strong>\u201ccuerpo\/mente\u201d<\/strong>\u00a0aporta al m\u00fasculo para que este funcione.<\/span><br \/>\n<span style=\"font-family: helvetica, arial, sans-serif;\">Cualquier alteraci\u00f3n en el flujo de energ\u00eda del cuerpo producido por una\u00a0<strong>emoci\u00f3n, un problema f\u00edsico o nutricional, se puede detectar por el test muscular<\/strong>. Es un m\u00e9todo sencillo e inocuo y sin embargo eficaz de\u00a0<strong>\u201centablar un di\u00e1logo\u201d<\/strong>\u00a0con el cuerpo, abrir su sabidur\u00eda y sacar provecho de lo que trasmite.<\/span><\/p>\n<p><span style=\"font-family: helvetica, arial, sans-serif;\">Gracias a los test musculares podemos explorar el\u00a0<strong>\u201cbioordenador\u201d<\/strong>\u00a0que constituye el organismo. En nuestra base de datos internos se halla almacenada toda la informaci\u00f3n necesaria para conservar la salud y la capacidad de rendimiento del cuerpo.<\/span><br \/>\n<span style=\"font-family: helvetica, arial, sans-serif;\">De acuerdo a este modelo, se puede usar este test como un mecanismo espec\u00edfico de retroalimentaci\u00f3n para guiarse en los procedimientos diagn\u00f3sticos y verificar los efectos de los tratamientos.<\/span><\/p>\n<p><span style=\"font-family: helvetica, arial, sans-serif;\">Se debe tener cautela, sin embargo, acerca del uso y la interpretaci\u00f3n de la respuesta del test muscular, porque hay varios factores que pueden afectarla.<\/span><br \/>\n<span style=\"font-family: helvetica, arial, sans-serif;\">Se requiere un entrenamiento adecuado, conocimiento y experiencia en su uso, y en el uso de todos los m\u00e9todos de tratamiento referidos, para la \u00f3ptima aplicaci\u00f3n de estas terapias.<\/span><\/p>\n<p><span style=\"font-family: helvetica, arial, sans-serif;\"><strong>ENTRENAMIENTOS EN TOUCH FOR HEALTH :<\/strong><\/span><\/p>\n<p><span style=\"font-family: helvetica, arial, sans-serif;\">El entrenamiento en TOUCH FOR HEALTH consta de cuatro niveles de un fin de semana cada uno. Se puede usar la t\u00e9cnica ya desde el primer Nivel, logrando realizar un equilibrio completo del cuerpo que le devolver\u00e1 la tonicidad a los m\u00fasculos, liberar\u00e1 el estr\u00e9s y revitalizar\u00e1 la energ\u00eda de la persona, sin tener que esperar a completar los otros Niveles.<\/span><\/p>\n<h4><span style=\"font-family: helvetica, arial, sans-serif;\"><strong>\u00bfQUE se puede tratar con \u201cTOUCH FOR HEALTH\u201d?<\/strong><\/span><\/h4>\n<p><span style=\"font-family: helvetica, arial, sans-serif;\">\u2013 Mantener la salud y prevenir las enfermedades.<\/span><br \/>\n<span style=\"font-family: helvetica, arial, sans-serif;\">\u2013 Restaurar el Equilibrio postural.<\/span><br \/>\n<span style=\"font-family: helvetica, arial, sans-serif;\">\u2013 Reducir el dolor f\u00edsico (muscular) y las tensiones en el cuerpo.<\/span><br \/>\n<span style=\"font-family: helvetica, arial, sans-serif;\">\u2013 Encontrar los alimentos que nos producen alergias o intolerancias.<\/span><br \/>\n<span style=\"font-family: helvetica, arial, sans-serif;\">\u2013 Corregir la tendencia a perder el equilibrio y caer.<\/span><br \/>\n<span style=\"font-family: helvetica, arial, sans-serif;\">\u2013 Para Estados de agotamiento y estr\u00e9s.<\/span><br \/>\n<span style=\"font-family: helvetica, arial, sans-serif;\">\u2013 Rehabilitar lesiones deportivas.<\/span><br \/>\n<span style=\"font-family: helvetica, arial, sans-serif;\">\u2013 Para Liberar el estr\u00e9s emocional.<\/span><br \/>\n<span style=\"font-family: helvetica, arial, sans-serif;\">\u2013 Incrementar la energ\u00eda en el cuerpo.<\/span><br \/>\n<span style=\"font-family: helvetica, arial, sans-serif;\">\u2013 Y muchas otras dolencias frecuentes.<\/span><\/p>\n<blockquote><p><span style=\"font-family: helvetica, arial, sans-serif;\">\u201cProcuramos considerar el cuerpo desde una perspectiva integral como una unidad. Todo lo que pensamos o todo lo que nos llevamos a la boca tiene un efecto sobre todo el organismo\u201d.<\/span><br \/>\n<span style=\"font-family: helvetica, arial, sans-serif;\"><strong>John Thie MD<\/strong><\/span><\/p><\/blockquote>\n","protected":false},"excerpt":{"rendered":"<p>TOUCH FOR HEALTH\u00a0 (Toque para la Salud) \u201cEl cuerpo sabe de qu\u00e9 sufrimos y qu\u00e9 necesitamos, s\u00f3lo basta con preguntarle para obtener la respuesta.\u201d &nbsp; Touch for Health o Toque para la salud,\u00a0es un sistema derivado de la \u201cKinesiolog\u00eda Aplicada\u201d. Este m\u00e9todo equilibra la energ\u00eda del cuerpo, alterada por diversos factores, emocionales, mentales o f\u00edsicos. &hellip;<\/p>\n<p class=\"read-more\"> <a class=\"\" href=\"https:\/\/www.terapiasdeavanzada.org\/web\/touch-for-health\/\"> <span class=\"screen-reader-text\">TOUCH FOR HEALTH<\/span> Leer m\u00e1s &raquo;<\/a><\/p>\n","protected":false},"author":1,"featured_media":0,"parent":0,"menu_order":0,"comment_status":"closed","ping_status":"closed","template":"","meta":{"site-sidebar-layout":"default","site-content-layout":"default","ast-global-header-display":"","ast-banner-title-visibility":"","ast-main-header-display":"","ast-hfb-above-header-display":"","ast-hfb-below-header-display":"","ast-hfb-mobile-header-display":"","site-post-title":"","ast-breadcrumbs-content":"","ast-featured-img":"","footer-sml-layout":"","theme-transparent-header-meta":"","adv-header-id-meta":"","stick-header-meta":"","header-above-stick-meta":"","header-main-stick-meta":"","header-below-stick-meta":""},"_links":{"self":[{"href":"https:\/\/www.terapiasdeavanzada.org\/web\/wp-json\/wp\/v2\/pages\/372"}],"collection":[{"href":"https:\/\/www.terapiasdeavanzada.org\/web\/wp-json\/wp\/v2\/pages"}],"about":[{"href":"https:\/\/www.terapiasdeavanzada.org\/web\/wp-json\/wp\/v2\/types\/page"}],"author":[{"embeddable":true,"href":"https:\/\/www.terapiasdeavanzada.org\/web\/wp-json\/wp\/v2\/users\/1"}],"replies":[{"embeddable":true,"href":"https:\/\/www.terapiasdeavanzada.org\/web\/wp-json\/wp\/v2\/comments?post=372"}],"version-history":[{"count":6,"href":"https:\/\/www.terapiasdeavanzada.org\/web\/wp-json\/wp\/v2\/pages\/372\/revisions"}],"predecessor-version":[{"id":1087,"href":"https:\/\/www.terapiasdeavanzada.org\/web\/wp-json\/wp\/v2\/pages\/372\/revisions\/1087"}],"wp:attachment":[{"href":"https:\/\/www.terapiasdeavanzada.org\/web\/wp-json\/wp\/v2\/media?parent=372"}],"curies":[{"name":"wp","href":"https:\/\/api.w.org\/{rel}","templated":true}]}}