{"id":375,"date":"2018-05-09T08:51:22","date_gmt":"2018-05-09T11:51:22","guid":{"rendered":"http:\/\/www.terapiasdeavanzada.org\/web\/?page_id=375"},"modified":"2018-08-22T17:45:58","modified_gmt":"2018-08-22T20:45:58","slug":"tat","status":"publish","type":"page","link":"https:\/\/www.terapiasdeavanzada.org\/web\/tat\/","title":{"rendered":"TAT"},"content":{"rendered":"<h3><span style=\"font-family: helvetica, arial, sans-serif;\"><strong>TAT &#8211;\u00a0\u00a0<\/strong><strong>Tapas Accupressure Technique \u2013 <\/strong><\/span><\/h3>\n<h3><span style=\"font-family: helvetica, arial, sans-serif;\"><strong><img decoding=\"async\" loading=\"lazy\" class=\"size-medium wp-image-762 alignright\" src=\"http:\/\/www.terapiasdeavanzada.org\/web\/wp-content\/uploads\/2018\/07\/tat-270x300.jpg\" alt=\"\" width=\"270\" height=\"300\" srcset=\"https:\/\/www.terapiasdeavanzada.org\/web\/wp-content\/uploads\/2018\/07\/tat-270x300.jpg 270w, https:\/\/www.terapiasdeavanzada.org\/web\/wp-content\/uploads\/2018\/07\/tat-144x160.jpg 144w, https:\/\/www.terapiasdeavanzada.org\/web\/wp-content\/uploads\/2018\/07\/tat-150x166.jpg 150w, https:\/\/www.terapiasdeavanzada.org\/web\/wp-content\/uploads\/2018\/07\/tat.jpg 391w\" sizes=\"(max-width: 270px) 100vw, 270px\" \/>Tapas Fleming<\/strong><\/span><br \/>\n<span style=\"font-family: helvetica, arial, sans-serif;\"><strong>(T\u00e9cnica de Acupresi\u00f3n de TAPAS)<\/strong><\/span><\/h3>\n<p><span style=\"font-family: helvetica, arial, sans-serif;\"><strong>\u00bfQue es TAT?<\/strong><\/span><\/p>\n<p><span style=\"font-family: helvetica, arial, sans-serif;\">T\u00e9cnica desarrollada en 1993 por Tapas Flemming, acupuntora de California, que encontr\u00f3 una nueva forma de acupresi\u00f3n para ayudar a sus pacientes con alergias.<\/span><\/p>\n<p><span style=\"font-family: helvetica, arial, sans-serif;\">Es una t\u00e9cnica muy r\u00e1pida, efectiva y sin efectos secundarios molestos.<\/span><\/p>\n<p><span style=\"font-family: helvetica, arial, sans-serif;\"><strong>\u00bfEn que consiste TAT?<\/strong><\/span><\/p>\n<p><span style=\"font-family: helvetica, arial, sans-serif;\">En una pose, como se ve en la figura, que toca puntos energ\u00e9ticos del cr\u00e1neo, activ\u00b4nadolos, mientras se piensa en el tema problema y de dicen ciertas frases correctoras.<\/span><\/p>\n<p><span style=\"font-family: helvetica, arial, sans-serif;\">\u201c<em>La pose de TAT es una forma de decirle al cuerpo \u00a8mira esto otra vez\u00a8, es una oportunidad de cambio, una nueva mirada\u2026con esta\u2026el flujo de energ\u00eda en el cuerpo que est\u00e1 estancada es removida de los eventos del pasado y estos pueden ser integrados saludablemente en el sistema mente-cuerpo. <strong>TAT<\/strong> re\u00fane las partes de una persona que han estado dispersas o congeladas en el tiempo\u2026. integra, armoniza, trae paz y unidad<\/em>\u201d Tapas Fleming.<\/span><\/p>\n<p><span style=\"font-family: helvetica, arial, sans-serif;\"><strong>\u00bfPara que se usa?<\/strong><\/span><\/p>\n<p><span style=\"font-family: helvetica, arial, sans-serif;\">Extendi\u00f3 la t\u00e9cnica us\u00e1ndola adem\u00e1s para los problemas psicoemocionales, como trastornos de ansiedad, traumas y duelos. Es una poderosa modalidad de curaci\u00f3n que ayuda a procesar traumas no resueltos y emociones del pasado o del presente.<\/span><\/p>\n<p><span style=\"font-family: helvetica, arial, sans-serif;\"><strong>Entrenamientos<\/strong><\/span><\/p>\n<p><span style=\"font-family: helvetica, arial, sans-serif;\">El entrenamiento en <strong>TAT<\/strong> dura una tarde de 4 o 5 horas y puede ser hecho por profesionales de la salud, salud mental, terapeutas f\u00edsicos, kinesi\u00f3logos, psicopedagogos, counselors.<\/span><\/p>\n","protected":false},"excerpt":{"rendered":"<p>TAT &#8211;\u00a0\u00a0Tapas Accupressure Technique \u2013 Tapas Fleming (T\u00e9cnica de Acupresi\u00f3n de TAPAS) \u00bfQue es TAT? T\u00e9cnica desarrollada en 1993 por Tapas Flemming, acupuntora de California, que encontr\u00f3 una nueva forma de acupresi\u00f3n para ayudar a sus pacientes con alergias. Es una t\u00e9cnica muy r\u00e1pida, efectiva y sin efectos secundarios molestos. \u00bfEn que consiste TAT? En &hellip;<\/p>\n<p class=\"read-more\"> <a class=\"\" href=\"https:\/\/www.terapiasdeavanzada.org\/web\/tat\/\"> <span class=\"screen-reader-text\">TAT<\/span> Leer m\u00e1s &raquo;<\/a><\/p>\n","protected":false},"author":1,"featured_media":0,"parent":0,"menu_order":0,"comment_status":"closed","ping_status":"closed","template":"","meta":{"site-sidebar-layout":"default","site-content-layout":"default","ast-global-header-display":"","ast-banner-title-visibility":"","ast-main-header-display":"","ast-hfb-above-header-display":"","ast-hfb-below-header-display":"","ast-hfb-mobile-header-display":"","site-post-title":"","ast-breadcrumbs-content":"","ast-featured-img":"","footer-sml-layout":"","theme-transparent-header-meta":"","adv-header-id-meta":"","stick-header-meta":"","header-above-stick-meta":"","header-main-stick-meta":"","header-below-stick-meta":""},"_links":{"self":[{"href":"https:\/\/www.terapiasdeavanzada.org\/web\/wp-json\/wp\/v2\/pages\/375"}],"collection":[{"href":"https:\/\/www.terapiasdeavanzada.org\/web\/wp-json\/wp\/v2\/pages"}],"about":[{"href":"https:\/\/www.terapiasdeavanzada.org\/web\/wp-json\/wp\/v2\/types\/page"}],"author":[{"embeddable":true,"href":"https:\/\/www.terapiasdeavanzada.org\/web\/wp-json\/wp\/v2\/users\/1"}],"replies":[{"embeddable":true,"href":"https:\/\/www.terapiasdeavanzada.org\/web\/wp-json\/wp\/v2\/comments?post=375"}],"version-history":[{"count":8,"href":"https:\/\/www.terapiasdeavanzada.org\/web\/wp-json\/wp\/v2\/pages\/375\/revisions"}],"predecessor-version":[{"id":1079,"href":"https:\/\/www.terapiasdeavanzada.org\/web\/wp-json\/wp\/v2\/pages\/375\/revisions\/1079"}],"wp:attachment":[{"href":"https:\/\/www.terapiasdeavanzada.org\/web\/wp-json\/wp\/v2\/media?parent=375"}],"curies":[{"name":"wp","href":"https:\/\/api.w.org\/{rel}","templated":true}]}}