{"id":378,"date":"2018-05-09T08:51:51","date_gmt":"2018-05-09T11:51:51","guid":{"rendered":"http:\/\/www.terapiasdeavanzada.org\/web\/?page_id=378"},"modified":"2018-08-22T17:51:10","modified_gmt":"2018-08-22T20:51:10","slug":"test-muscular","status":"publish","type":"page","link":"https:\/\/www.terapiasdeavanzada.org\/web\/test-muscular\/","title":{"rendered":"TEST MUSCULAR"},"content":{"rendered":"<p><span style=\"font-family: helvetica, arial, sans-serif;\">El psiquiatra John Diamond fue el primer profesional de la salud mental, que us\u00f3 el sistema de meridianos para diagnosticar y tratar problemas emocionales. Formado originalmente en la Kinesiolog\u00eda Aplicada, Diamond (1979) introdujo el test de resistencia muscular, como un m\u00e9todo para evaluar el flujo de energ\u00eda a trav\u00e9s de los meridianos y sus alteraciones, producidas por estresores tanto f\u00edsicos como emocionales.<\/span><\/p>\n<div class=\"entry-content\">\n<p><span style=\"font-family: helvetica, arial, sans-serif;\">Posteriormente, y basado en estos trabajos, el especialista en Kinesiolog\u00eda Aplicada y Quiropr\u00e1ctico George Goodheart lo desarroll\u00f3 a\u00fan mas y el\u00a0<strong>test de resistencia muscular<\/strong>\u00a0es actualmente la piedra fundamental de los procedimientos diagn\u00f3sticos de las terapias basadas en la energ\u00eda.<\/span><br \/>\n<span style=\"font-family: helvetica, arial, sans-serif;\">Experimentando con la resistencia muscular, Goodheart observ\u00f3 que un individuo ten\u00eda un tono muscular firme cuando pensaba en algo placentero, y por el contrario cuando pensaba en algo displacentero el tono del m\u00fasculo se debilitaba. Lo mismo suced\u00eda cuando pensaba en alg\u00fan hecho que era verdadero versus algo falso. Dedujo entonces que la integridad energ\u00e9tica del cuerpo, est\u00e1\u00a0<strong>comprometida<\/strong>\u00a0cuando el pensamiento produce estr\u00e9s o la informaci\u00f3n es falsa y\u00a0<strong>se evidencia con una respuesta muscular de debilidad<\/strong>.<\/span><\/p>\n<p><span style=\"font-family: helvetica, arial, sans-serif;\">El\u00a0<strong>\u201cTEST DE RESISTENCIA MUSCULAR\u201d<\/strong>\u00a0<strong>es un arte<\/strong>\u00a0y como todo arte, hace falta pr\u00e1ctica para volverse experto en el mismo.<\/span><br \/>\n<span style=\"font-family: helvetica, arial, sans-serif;\">Es como aprender a tocar un instrumento musical, no basta con saber las posiciones de las manos, necesitamos practicar y mucho hasta lograr la maestr\u00eda.<\/span><br \/>\n<span style=\"font-family: helvetica, arial, sans-serif;\">Con el\u00a0<strong>Test Muscular<\/strong>\u00a0podemos valorar la energ\u00eda que el sistema\u00a0<strong>cuerpo\/mente<\/strong>\u00a0aporta al m\u00fasculo para que este funcione.<\/span><br \/>\n<span style=\"font-family: helvetica, arial, sans-serif;\">Cualquier alteraci\u00f3n en el flujo de energ\u00eda del cuerpo producido por una\u00a0<strong>emoci\u00f3n, un problema f\u00edsico o nutricional<\/strong>, se puede detectar por el test muscular.<\/span><\/p>\n<p><span style=\"font-family: helvetica, arial, sans-serif;\">Es una manera r\u00e1pida y eficaz de comunicarse con el cuerpo sin la participaci\u00f3n consciente de la persona. Haciendo una leve presi\u00f3n sobre un m\u00fasculo y evaluando la respuesta del tono muscular, tono que est\u00e1 relacionado directamente con los centros emocionales que lo fijan. Esto nos permite establecer con el cuerpo del consultante un c\u00f3digo binario de comunicaci\u00f3n, por\u00a0<strong>S\u00cd<\/strong>\u00a0o por\u00a0<strong>NO<\/strong>, a trav\u00e9s del cual se obtiene la informaci\u00f3n que se necesita<\/span><\/p>\n<p><span style=\"font-family: helvetica, arial, sans-serif;\">Es un m\u00e9todo sencillo e inocuo y sin embargo eficaz de\u00a0<strong>\u201centablar un di\u00e1logo\u201d<\/strong>\u00a0con el cuerpo, abrir su sabidur\u00eda y sacar provecho de lo que trasmite. Gracias a los test musculares podemos explorar el\u00a0<strong>\u201cbioordenador\u201d<\/strong>\u00a0que constituye el organismo. En nuestra base de datos internos se halla almacenada toda la informaci\u00f3n necesaria para conservar la salud y la capacidad de rendimiento del cuerpo.<\/span><br \/>\n<span style=\"font-family: helvetica, arial, sans-serif;\">De acuerdo a este modelo, se puede usar este test como un mecanismo espec\u00edfico de retroalimentaci\u00f3n para guiarse en los procedimientos diagn\u00f3sticos y verificar los efectos de los tratamientos.<\/span><br \/>\n<span style=\"font-family: helvetica, arial, sans-serif;\">Se debe tener cautela, sin embargo, acerca del uso y la interpretaci\u00f3n de la respuesta del test muscular, porque hay varios factores que pueden afectarla.<\/span><br \/>\n<span style=\"font-family: helvetica, arial, sans-serif;\">Se requiere un entrenamiento adecuado, conocimiento y experiencia en su uso, y en el uso de todos los m\u00e9todos de tratamiento referidos, para la \u00f3ptima aplicaci\u00f3n de estas terapias.<\/span><\/p>\n<p><span style=\"font-family: helvetica, arial, sans-serif;\">El testeo muscular para identificar alergias alimentarias est\u00e1 avalado por un estudio piloto hecho por WALTER H. SCHMIDT Jr . y GERRY LEISMAN,\u201cApplied Neuroscience Laboratories\u201d N.C. USA y el \u201cCollege of Judea and Samaria\u201d P.O. Box 3, Ariel, 44837 Israel, titulado CORRELACION DE LOSHALLAZGOS POR TESTEO MUSCULAR DE KINESIOLOGIA APLICADA CON NIVELES DE INMUNOGLOBULINA SERICA PARA ALERGIAS ALIMENTARIAS \u2013 Agosto l998.<\/span><br \/>\n<span style=\"font-family: helvetica, arial, sans-serif;\">El resultado de este estudio demostr\u00f3 un 90.5% de eficacia en la detecci\u00f3n de las alergias a trav\u00e9s de la respuesta neuromuscular.<\/span><\/p>\n<h4><span style=\"font-family: helvetica, arial, sans-serif;\"><strong>\u00bfQu\u00e9 pasa con ni\u00f1os peque\u00f1os, enfermos o animales?<\/strong><\/span><\/h4>\n<p><span style=\"font-family: helvetica, arial, sans-serif;\"><strong>TESTEO MUSCULAR por subrogado:<\/strong>\u00a0se usa en caso de necesitar diagnosticar a un beb\u00e9, un ni\u00f1o peque\u00f1o, un anciano o persona muy debilitada, o un animal o una planta.<\/span><br \/>\n<span style=\"font-family: helvetica, arial, sans-serif;\">Se utiliza para el diagn\u00f3stico, el principio de la conducci\u00f3n de la energ\u00eda, con una persona, animal o planta que no puede ser testeado directamente.<\/span><br \/>\n<span style=\"font-family: helvetica, arial, sans-serif;\">Cuando la persona a ser testeada sostiene una sustancia determinada el m\u00fasculo del subrogado responde indicando si la persona es sensible a ella.<\/span><br \/>\n<span style=\"font-family: helvetica, arial, sans-serif;\">El subrogado (otra persona) toca la piel de la persona \/ animal \/ planta a ser testeado y el testeador testea al subrogado.<\/span><br \/>\n<span style=\"font-family: helvetica, arial, sans-serif;\">Las correcciones se pueden hacer tambi\u00e9n en el subrogado, en el caso de no ser posible hacerlas en el testeado.<\/span><\/p>\n<\/div>\n","protected":false},"excerpt":{"rendered":"<p>El psiquiatra John Diamond fue el primer profesional de la salud mental, que us\u00f3 el sistema de meridianos para diagnosticar y tratar problemas emocionales. Formado originalmente en la Kinesiolog\u00eda Aplicada, Diamond (1979) introdujo el test de resistencia muscular, como un m\u00e9todo para evaluar el flujo de energ\u00eda a trav\u00e9s de los meridianos y sus alteraciones, &hellip;<\/p>\n<p class=\"read-more\"> <a class=\"\" href=\"https:\/\/www.terapiasdeavanzada.org\/web\/test-muscular\/\"> <span class=\"screen-reader-text\">TEST MUSCULAR<\/span> Leer m\u00e1s &raquo;<\/a><\/p>\n","protected":false},"author":1,"featured_media":0,"parent":0,"menu_order":0,"comment_status":"closed","ping_status":"closed","template":"","meta":{"site-sidebar-layout":"default","site-content-layout":"default","ast-global-header-display":"","ast-banner-title-visibility":"","ast-main-header-display":"","ast-hfb-above-header-display":"","ast-hfb-below-header-display":"","ast-hfb-mobile-header-display":"","site-post-title":"","ast-breadcrumbs-content":"","ast-featured-img":"","footer-sml-layout":"","theme-transparent-header-meta":"","adv-header-id-meta":"","stick-header-meta":"","header-above-stick-meta":"","header-main-stick-meta":"","header-below-stick-meta":""},"_links":{"self":[{"href":"https:\/\/www.terapiasdeavanzada.org\/web\/wp-json\/wp\/v2\/pages\/378"}],"collection":[{"href":"https:\/\/www.terapiasdeavanzada.org\/web\/wp-json\/wp\/v2\/pages"}],"about":[{"href":"https:\/\/www.terapiasdeavanzada.org\/web\/wp-json\/wp\/v2\/types\/page"}],"author":[{"embeddable":true,"href":"https:\/\/www.terapiasdeavanzada.org\/web\/wp-json\/wp\/v2\/users\/1"}],"replies":[{"embeddable":true,"href":"https:\/\/www.terapiasdeavanzada.org\/web\/wp-json\/wp\/v2\/comments?post=378"}],"version-history":[{"count":7,"href":"https:\/\/www.terapiasdeavanzada.org\/web\/wp-json\/wp\/v2\/pages\/378\/revisions"}],"predecessor-version":[{"id":1083,"href":"https:\/\/www.terapiasdeavanzada.org\/web\/wp-json\/wp\/v2\/pages\/378\/revisions\/1083"}],"wp:attachment":[{"href":"https:\/\/www.terapiasdeavanzada.org\/web\/wp-json\/wp\/v2\/media?parent=378"}],"curies":[{"name":"wp","href":"https:\/\/api.w.org\/{rel}","templated":true}]}}