{"id":384,"date":"2018-05-09T08:53:25","date_gmt":"2018-05-09T11:53:25","guid":{"rendered":"http:\/\/www.terapiasdeavanzada.org\/web\/?page_id=384"},"modified":"2018-08-22T17:37:16","modified_gmt":"2018-08-22T20:37:16","slug":"pet-pain-erasing-technique","status":"publish","type":"page","link":"https:\/\/www.terapiasdeavanzada.org\/web\/pet-pain-erasing-technique\/","title":{"rendered":"PET (Pain Erasing Technique)"},"content":{"rendered":"<header>\n<h1 class=\"entry-title\"><strong style=\"font-size: 16px;\"><img decoding=\"async\" loading=\"lazy\" class=\"size-full wp-image-781 alignleft\" src=\"http:\/\/www.terapiasdeavanzada.org\/web\/wp-content\/uploads\/2018\/07\/libro-pet-web.jpg\" alt=\"\" width=\"200\" height=\"290\" srcset=\"https:\/\/www.terapiasdeavanzada.org\/web\/wp-content\/uploads\/2018\/07\/libro-pet-web.jpg 200w, https:\/\/www.terapiasdeavanzada.org\/web\/wp-content\/uploads\/2018\/07\/libro-pet-web-110x160.jpg 110w, https:\/\/www.terapiasdeavanzada.org\/web\/wp-content\/uploads\/2018\/07\/libro-pet-web-150x218.jpg 150w\" sizes=\"(max-width: 200px) 100vw, 200px\" \/><\/strong><\/h1>\n<\/header>\n<div class=\"entry-content\">\n<h4><span style=\"font-family: helvetica, arial, sans-serif;\"><strong>PAIN ERASING TECHNIQUE<\/strong><\/span><br \/>\n<span style=\"font-family: helvetica, arial, sans-serif;\">T\u00c9CNICA\u00a0DE BORRADO DEL DOLOR Y MAS ALL\u00c1&#8230;!<\/span><\/h4>\n<h4><span style=\"font-family: helvetica, arial, sans-serif;\"><strong>La sorprendente t\u00e9cnica que puede disolver todo tipo de dolores y otros s\u00edntomas\u00a0\u00a0<\/strong><strong>f\u00edsicos\u00a0 y emocionales de inmediato y sin medicamentos\u2026!<\/strong><\/span><\/h4>\n<p><span style=\"font-family: helvetica, arial, sans-serif;\">Es sencilla, f\u00e1cil de aplicar y puede ser usada tanto por profesionales de la salud como por legos.<\/span><br \/>\n<span style=\"font-family: helvetica, arial, sans-serif;\">Es inocua, de autoaplicaci\u00f3n y carece de efectos secundarios y es de muy r\u00e1pida acci\u00f3n,la mayor\u00eda de las veces inmediatos.<\/span><br \/>\n<span style=\"font-family: helvetica, arial, sans-serif;\">Un importante estudio con m\u00e1s de 80 pacientes avala su eficacia.<\/span><\/p>\n<\/div>\n","protected":false},"excerpt":{"rendered":"<p>PAIN ERASING TECHNIQUE T\u00c9CNICA\u00a0DE BORRADO DEL DOLOR Y MAS ALL\u00c1&#8230;! La sorprendente t\u00e9cnica que puede disolver todo tipo de dolores y otros s\u00edntomas\u00a0\u00a0f\u00edsicos\u00a0 y emocionales de inmediato y sin medicamentos\u2026! Es sencilla, f\u00e1cil de aplicar y puede ser usada tanto por profesionales de la salud como por legos. Es inocua, de autoaplicaci\u00f3n y carece de &hellip;<\/p>\n<p class=\"read-more\"> <a class=\"\" href=\"https:\/\/www.terapiasdeavanzada.org\/web\/pet-pain-erasing-technique\/\"> <span class=\"screen-reader-text\">PET (Pain Erasing Technique)<\/span> Leer m\u00e1s &raquo;<\/a><\/p>\n","protected":false},"author":1,"featured_media":0,"parent":0,"menu_order":0,"comment_status":"closed","ping_status":"closed","template":"","meta":{"site-sidebar-layout":"default","site-content-layout":"default","ast-global-header-display":"","ast-banner-title-visibility":"","ast-main-header-display":"","ast-hfb-above-header-display":"","ast-hfb-below-header-display":"","ast-hfb-mobile-header-display":"","site-post-title":"","ast-breadcrumbs-content":"","ast-featured-img":"","footer-sml-layout":"","theme-transparent-header-meta":"","adv-header-id-meta":"","stick-header-meta":"","header-above-stick-meta":"","header-main-stick-meta":"","header-below-stick-meta":""},"_links":{"self":[{"href":"https:\/\/www.terapiasdeavanzada.org\/web\/wp-json\/wp\/v2\/pages\/384"}],"collection":[{"href":"https:\/\/www.terapiasdeavanzada.org\/web\/wp-json\/wp\/v2\/pages"}],"about":[{"href":"https:\/\/www.terapiasdeavanzada.org\/web\/wp-json\/wp\/v2\/types\/page"}],"author":[{"embeddable":true,"href":"https:\/\/www.terapiasdeavanzada.org\/web\/wp-json\/wp\/v2\/users\/1"}],"replies":[{"embeddable":true,"href":"https:\/\/www.terapiasdeavanzada.org\/web\/wp-json\/wp\/v2\/comments?post=384"}],"version-history":[{"count":7,"href":"https:\/\/www.terapiasdeavanzada.org\/web\/wp-json\/wp\/v2\/pages\/384\/revisions"}],"predecessor-version":[{"id":1075,"href":"https:\/\/www.terapiasdeavanzada.org\/web\/wp-json\/wp\/v2\/pages\/384\/revisions\/1075"}],"wp:attachment":[{"href":"https:\/\/www.terapiasdeavanzada.org\/web\/wp-json\/wp\/v2\/media?parent=384"}],"curies":[{"name":"wp","href":"https:\/\/api.w.org\/{rel}","templated":true}]}}