{"id":387,"date":"2018-05-09T08:54:00","date_gmt":"2018-05-09T11:54:00","guid":{"rendered":"http:\/\/www.terapiasdeavanzada.org\/web\/?page_id=387"},"modified":"2018-08-22T17:14:18","modified_gmt":"2018-08-22T20:14:18","slug":"craneopuntura-de-yamamoto","status":"publish","type":"page","link":"https:\/\/www.terapiasdeavanzada.org\/web\/craneopuntura-de-yamamoto\/","title":{"rendered":"CRANEOPUNTURA DE YAMAMOTO"},"content":{"rendered":"<header>\n<h2 class=\"entry-title\"><span style=\"font-size: 14pt; font-family: helvetica, arial, sans-serif;\">YNSA \u2013 Yamamoto New Scalp Accupunture<\/span><\/h2>\n<\/header>\n<div class=\"entry-content\">\n<h4><span style=\"font-family: helvetica, arial, sans-serif;\">Nueva Acupuntura Craneal de YAMAMOTO<\/span><\/h4>\n<h4><span style=\"font-family: helvetica, arial, sans-serif;\">\u00bfQue es la YNSA?<\/span><\/h4>\n<p><span style=\"font-family: helvetica, arial, sans-serif;\">Es un m\u00e9todo de diagn\u00f3stico y tratamiento, de acupuntura craneal ambulatorio ,\u00a0 en la cual se encuentran puntos de efecto terap\u00e9utico sobre el cuerpo, claro y sencillo de aplicar y de enorme efectividad y seguridad y es m\u00e1s r\u00e1pida en sus efectos terap\u00e9uticos que la acupuntura tradicional china.<\/span><\/p>\n<p><span style=\"font-family: helvetica, arial, sans-serif;\">Desarrollado por el\u00a0<strong>Dr. Toshikatsu Yamamoto<\/strong>,\u00a0\u00a0uno de los m\u00e1s importantes pioneros en el \u00e1rea de la acupuntura de los microsistemas posibilitando la integraci\u00f3n de la Medicina Tradicional China con los conocimientos de vanguardia de la medicina.<\/span><\/p>\n<p><span style=\"font-family: helvetica, arial, sans-serif;\"><strong>\u00bfComo se usa?<\/strong><\/span><br \/>\n<span style=\"font-family: helvetica, arial, sans-serif;\">Los puntos de tratamiento se encuentran en el cr\u00e1neo y en la frente.<\/span><br \/>\n<span style=\"font-family: helvetica, arial, sans-serif;\">Se pueden tratar con alt\u00edsimo porcentaje de \u00e9xito casi toda la patolog\u00eda m\u00e9dica.<\/span><\/p>\n<p><span style=\"font-family: helvetica, arial, sans-serif;\"><strong>\u00bfQue se puede tratar con ella?<\/strong><\/span><br \/>\n<span style=\"font-family: helvetica, arial, sans-serif;\">-Los\u00a0<strong>cuadros neurol\u00f3gicos<\/strong>, como las\u00a0<strong>s<\/strong>ecuelas de isquemias o infartos cerebrales, hemiplej\u00edas, la enfermedad de Parkinson, el temblor esencial benigno, jaquecas cr\u00f3nicas, acufenos, neuralgias de trig\u00e9mino, par\u00e1lisis facial, esclerosis m\u00faltiple, v\u00e9rtigo, afasias, epilepsia, problemas del sue\u00f1o, depresi\u00f3n y otros trastornos ps\u00edquicos, etc.<\/span><\/p>\n<p><span style=\"font-family: helvetica, arial, sans-serif;\">\u2013 Sobre el\u00a0<strong>aparato osteo-articulo-muscular\u00a0<\/strong>dolores\u00a0de todo tipo,\u00a0artritis,\u00a0artrosis,\u00a0dolores post quir\u00fargicos, dolores post traum\u00e1ticos, contracturas\u00a0de todo tipo,\u00a0ciatalgias, lumbalgias, hernias de disco, coxalgias, osteoporosis, etc.<\/span><\/p>\n<p><span style=\"font-family: helvetica, arial, sans-serif;\">\u2013 En los\u00a0<strong>\u00f3rganos de los sentidos<\/strong>, se pueden tratar:\u00a0glaucomas, degeneraci\u00f3n macular, estrabismo, conjuntivitis, disminuci\u00f3n de la agudeza visual, alergias, rinitis, sinusitis, obstrucci\u00f3n nasal, estomatitis, dolores de garganta, herpes simple, herpes zoster, odontalgias, problemas auditivos, otitis, y otros.<\/span><\/p>\n<p><span style=\"font-family: helvetica, arial, sans-serif;\">\u2013\u00a0<strong>Sobre los diversos \u00f3rganos: <\/strong>problemas estomacales, renales, del aparato respiratorio, hepatitis, pancreatitis, colecistitis.<\/span><\/p>\n<p><span style=\"font-family: helvetica, arial, sans-serif;\">El tratamiento de las\u00a0<strong>enfermedades agudas<\/strong>\u00a0dura pocas sesiones.<\/span><\/p>\n<p><span style=\"font-family: helvetica, arial, sans-serif;\">En las\u00a0<strong>enfermedades cr\u00f3nicas<\/strong>\u00a0deben hacerse entre dos a tres sesiones semanales, un lapso de tiempo.<\/span><\/p>\n<p>&nbsp;<\/p>\n<\/div>\n","protected":false},"excerpt":{"rendered":"<p>YNSA \u2013 Yamamoto New Scalp Accupunture Nueva Acupuntura Craneal de YAMAMOTO \u00bfQue es la YNSA? Es un m\u00e9todo de diagn\u00f3stico y tratamiento, de acupuntura craneal ambulatorio ,\u00a0 en la cual se encuentran puntos de efecto terap\u00e9utico sobre el cuerpo, claro y sencillo de aplicar y de enorme efectividad y seguridad y es m\u00e1s r\u00e1pida en &hellip;<\/p>\n<p class=\"read-more\"> <a class=\"\" href=\"https:\/\/www.terapiasdeavanzada.org\/web\/craneopuntura-de-yamamoto\/\"> <span class=\"screen-reader-text\">CRANEOPUNTURA DE YAMAMOTO<\/span> Leer m\u00e1s &raquo;<\/a><\/p>\n","protected":false},"author":1,"featured_media":0,"parent":0,"menu_order":0,"comment_status":"closed","ping_status":"closed","template":"","meta":{"site-sidebar-layout":"default","site-content-layout":"default","ast-global-header-display":"","ast-banner-title-visibility":"","ast-main-header-display":"","ast-hfb-above-header-display":"","ast-hfb-below-header-display":"","ast-hfb-mobile-header-display":"","site-post-title":"","ast-breadcrumbs-content":"","ast-featured-img":"","footer-sml-layout":"","theme-transparent-header-meta":"","adv-header-id-meta":"","stick-header-meta":"","header-above-stick-meta":"","header-main-stick-meta":"","header-below-stick-meta":""},"_links":{"self":[{"href":"https:\/\/www.terapiasdeavanzada.org\/web\/wp-json\/wp\/v2\/pages\/387"}],"collection":[{"href":"https:\/\/www.terapiasdeavanzada.org\/web\/wp-json\/wp\/v2\/pages"}],"about":[{"href":"https:\/\/www.terapiasdeavanzada.org\/web\/wp-json\/wp\/v2\/types\/page"}],"author":[{"embeddable":true,"href":"https:\/\/www.terapiasdeavanzada.org\/web\/wp-json\/wp\/v2\/users\/1"}],"replies":[{"embeddable":true,"href":"https:\/\/www.terapiasdeavanzada.org\/web\/wp-json\/wp\/v2\/comments?post=387"}],"version-history":[{"count":8,"href":"https:\/\/www.terapiasdeavanzada.org\/web\/wp-json\/wp\/v2\/pages\/387\/revisions"}],"predecessor-version":[{"id":1067,"href":"https:\/\/www.terapiasdeavanzada.org\/web\/wp-json\/wp\/v2\/pages\/387\/revisions\/1067"}],"wp:attachment":[{"href":"https:\/\/www.terapiasdeavanzada.org\/web\/wp-json\/wp\/v2\/media?parent=387"}],"curies":[{"name":"wp","href":"https:\/\/api.w.org\/{rel}","templated":true}]}}