{"id":390,"date":"2018-05-09T08:54:26","date_gmt":"2018-05-09T11:54:26","guid":{"rendered":"http:\/\/www.terapiasdeavanzada.org\/web\/?page_id=390"},"modified":"2018-08-22T17:36:15","modified_gmt":"2018-08-22T20:36:15","slug":"par-biomagneticobio","status":"publish","type":"page","link":"https:\/\/www.terapiasdeavanzada.org\/web\/par-biomagneticobio\/","title":{"rendered":"PAR BIOMAGN\u00c9TICO MEDICO"},"content":{"rendered":"<h4><span style=\"font-family: helvetica, arial, sans-serif;\"><strong>\u00bf Que es el Par Biomagn\u00e9tico M\u00e9dico o Biomagnetismo?\u00a0<\/strong><\/span><\/h4>\n<p><span style=\"font-family: helvetica, arial, sans-serif;\">Es una eficiente terapia, desarrollada por el Dr Isaac Goitz, de M\u00e9xico, que no presenta efectos secundarios, pues no requieren costosos aparatos (s\u00f3lo un set de peque\u00f1os imanes) y, sin embargo, involucra conceptos in\u00e9ditos que abren las puertas a la medicina del futuro y se\u00a0restablece , con este tratamiento,\u00a0 el equilibrio bioenerg\u00e9tico del organismo.<\/span><\/p>\n<p><span style=\"font-family: helvetica, arial, sans-serif;\"><strong>EL TRATAMIENTO CON IMANES<img decoding=\"async\" class=\"alignright size-full wp-image-149\" src=\"http:\/\/www.terapiasdeavanzada.org\/wp-content\/uploads\/2015\/05\/bio_01.jpg\" alt=\"bio_01\" \/><\/strong><\/span><\/p>\n<p><span style=\"font-family: helvetica, arial, sans-serif;\">El tratamiento con imanes, desde el punto de vista de las terapias complementarias y de la Naturopat\u00eda, no ataca ni lucha contra ninguna enfermedad, trabaja en el TODO del ser humano, tiene como objetivo ayudar a su homeostasis a recuperar su equilibrio y as\u00ed pueda esta homeostasis) de manera eficiente encontrar los caminos adecuados de la auto curaci\u00f3n.<\/span><\/p>\n<p><span style=\"font-family: helvetica, arial, sans-serif;\"><strong>\u00bfPara que se usa?<\/strong><\/span><br \/>\n<span style=\"font-family: helvetica, arial, sans-serif;\">Para todas\u00a0 las enfermedades y problemas de salud que tienen las personas, tanto f\u00edsicos como emocionales.<\/span><\/p>\n<p><span style=\"font-family: helvetica, arial, sans-serif;\"><strong>\u00bfC\u00f3mo se usa?<\/strong><\/span><\/p>\n<p><span style=\"font-family: helvetica, arial, sans-serif;\">Se hace un\u00a0 RASTREO (b\u00fasqueda de las zonas a colocar los imanes desde la respuesta muscular inteligente de la persona), para localizar las zonas alteradas o que tengan la necesidad de los imanes en polaridades espec\u00edficas determinando cu\u00e1les son los factores que est\u00e1n afectando al sujeto: estr\u00e9s, alimentaci\u00f3n, campos magn\u00e9ticos alterados, radicales libres, fuerza gen\u00e9tica, emociones, organismos pat\u00f3genos, etc.<strong><img decoding=\"async\" class=\"alignright size-full wp-image-151\" src=\"http:\/\/www.terapiasdeavanzada.org\/wp-content\/uploads\/2015\/05\/bio_03.jpg\" alt=\"bio_03\" \/><\/strong><\/span><\/p>\n<p><span style=\"font-family: helvetica, arial, sans-serif;\">Se puede utilizar junto a otras terapias y el numero de sesiones lo determina la evoluci\u00f3n del cuadro cl\u00ednico.<\/span><\/p>\n<p><span style=\"font-family: helvetica, arial, sans-serif;\">No produce efectos colaterales indeseables, y por ello es tambi\u00e9n un procedimiento preventivo de la salud, al detectar oportunamente la patolog\u00eda, a\u00fan antes de su manifestaci\u00f3n cl\u00ednica.<\/span><\/p>\n<p><span style=\"font-family: helvetica, arial, sans-serif;\">Con el par biomagn\u00e9tico , un gran porcentaje de personas experimentan r\u00e1pidas y notables mejor\u00edas que no ocurren com\u00fanmente con otros tratamientos. Esto se debe principalmente a la destrucci\u00f3n de los virus, que como sabemos, son de muy dif\u00edcil tratamiento para la medicina convencional, la cual tiene s\u00f3lo \u00e9xitos relativos exterminando bacterias por medio de antibi\u00f3ticos, hongos con antimic\u00f3ticos y par\u00e1sitos con antiparasitarios.<\/span><\/p>\n<p><span style=\"font-family: helvetica, arial, sans-serif;\"><strong>\u00bfComo act\u00faa?<\/strong><\/span><\/p>\n<p><span style=\"font-family: helvetica, arial, sans-serif;\">Cuando hay una noxa actuando, ll\u00e1mese virus, bacteria, t\u00f3xico, hongo, trauma, etc., debido a la \u201cmortificaci\u00f3n\u201d del tejido afectado, se produce una alteraci\u00f3n de su acidez o pH y las c\u00e9lulas involucradas se ven alteradas en su funci\u00f3n, perjudic\u00e1ndose su buen funcionamiento, al tiempo que se va favoreciendo la alimentaci\u00f3n del \u201cproblema\u201d (bacteria, virus, hongo, par\u00e1sito, toxina, etc). El cuerpo humano se mantiene en salud siempre que su pH o acidez interna se mantenga en un rango de neutralidad cercano al valor 7.<\/span><\/p>\n<p><span style=\"font-family: helvetica, arial, sans-serif;\"><strong><img decoding=\"async\" class=\"alignright size-full wp-image-150\" src=\"http:\/\/www.terapiasdeavanzada.org\/wp-content\/uploads\/2015\/05\/bio_02.jpg\" alt=\"bio_02\" \/><\/strong><\/span><\/p>\n<p><span style=\"font-family: helvetica, arial, sans-serif;\">Todos los seres vivos nos mantenemos en estado de salud cuando existe un equilibrio energ\u00e9tico en nuestros sistemas, \u00f3rganos y tejidos, compuestos finalmente por una delicada y compleja estructura de c\u00e9lulas que est\u00e1n en constante intercambio de informaci\u00f3n entre ellas.<\/span><\/p>\n<p><span style=\"font-family: helvetica, arial, sans-serif;\">A su vez las c\u00e9lulas requieren de un medio ambiente apto para mantenerse en buen funcionamiento y en esto tiene vital importancia el equilibrio i\u00f3nico en ellas y su entorno, esto es: de cargas positivas y negativas, dando finalmente un equilibrio entre las cargas \u00e1cidas y b\u00e1sicas o equilibrio de pH.<\/span><\/p>\n<p><span style=\"font-family: helvetica, arial, sans-serif;\">Si se corrige la alteraci\u00f3n i\u00f3nica, desaparece el problema. ya que se vuelve al punto de equilibrio. De esto \u00faltimo se encarga el BioMagnetismo que gracias al efecto de su fuerza o energ\u00eda de polaridad, la carga o polaridad magn\u00e9tica negativa es capaz de impactar a una carga similar patol\u00f3gica y al hacerla encontrarse con su similar inversa (la positiva), anularlas hasta hacerlas de valor cero.<\/span><\/p>\n<p><span style=\"font-family: helvetica, arial, sans-serif;\">Es decir, la enfermedad o alteraci\u00f3n de una parte del cuerpo necesita que se mantenga la distorsi\u00f3n o desequilibrio entre cargas positivas o negativas para poder sobrevivir como problema.<\/span><\/p>\n<p><span style=\"font-family: helvetica, arial, sans-serif;\"><strong>\u00bfQue se usa para hacer el diagn\u00f3stico?<\/strong><\/span><\/p>\n<p><span style=\"font-family: helvetica, arial, sans-serif;\">El test de resistencia muscular y es el propio cuerpo de la persona el que avisa d\u00f3nde se encuentran los \u00f3rganos desequilibrados y que pares biomagn\u00e9ticos se deben colocar para restaurar ese equilibrio. Sobre estos puntos, se colocan imanes determinados, lo que produce una interrupci\u00f3n de la retroalimentaci\u00f3n energ\u00e9tica entre virus y bacterias, y simult\u00e1neamente corrige la alteraci\u00f3n del pH en su cuerpo producido por los pat\u00f3genos.<\/span><\/p>\n<p><span style=\"font-family: helvetica, arial, sans-serif;\">En el caso de los virus, se destruye su carga pat\u00f3gena de ADN, y en las bacterias, el cambio del pH obstaculiza su reproducci\u00f3n y se debilitan frente al sistema inmunol\u00f3gico.<\/span><\/p>\n<p><span style=\"font-family: helvetica, arial, sans-serif;\"><strong>\u00bfQue puede curar?<\/strong><\/span><\/p>\n<p><span style=\"font-family: helvetica, arial, sans-serif;\">Puede ejercer un efecto de correcci\u00f3n sobre todas las distorsiones energ\u00e9ticas que se alberguen en un organismo enfermo, cualquiera sea su origen. El limite al efecto curativo depende de que dicha distorsi\u00f3n energ\u00e9tica no haya causado un da\u00f1o estructural (celular) irreversible.<\/span><\/p>\n<p><span style=\"font-family: helvetica, arial, sans-serif;\"><strong>\u00bfSe puede usar con otras terapias?<\/strong><\/span><\/p>\n<p><span style=\"font-family: helvetica, arial, sans-serif;\">El BioMagnetismo es compatible con cualquier otra forma de terapia de tipo energ\u00e9tico, es decir pude utilizarse en conjunto con homeopat\u00eda, flores de Bach, Reiki, bioenerg\u00e9tica, etc. Tambi\u00e9n puede utilizarse en conjunto con tratamientos alop\u00e1ticos tradicionales siempre y cuando se justifique su uso y no se disponga de otra alternativa.<\/span><\/p>\n<p><span style=\"font-family: helvetica, arial, sans-serif;\">Sin embargo es frecuente que una vez comenzado el tratamiento con BioMagnetismo las dosis de remedios previos sean disminuidas gradualmente, incluso por el m\u00e9dico tratante convencional. Ocurre esto por ejemplo en pacientes diab\u00e9ticos, insulinodependientes. Lo mismo puede ocurrir con pacientes con inmunodeficiencia, o VIH positivos, cuando despu\u00e9s de instaurada la terapia con BioMagnetismo manifiestan una mejora notable en su condici\u00f3n y pueden comenzar a modular las dosis de los f\u00e1rmacos que tomaban antes de la terapia BioMagn\u00e9tica. Esto es as\u00ed en muchas otras enfermedades.<\/span><\/p>\n<p><span style=\"font-family: helvetica, arial, sans-serif;\"><strong>\u00bfCuanto tiempo dura un tratamiento?<\/strong><\/span><\/p>\n<p><span style=\"font-family: helvetica, arial, sans-serif;\">Ning\u00fan enfermo es igual a otro ante una misma enfermedad o cuadro sintom\u00e1tico. Influye en esto la edad, el estado nutricional, la carga t\u00f3xica previa, el tiempo de evoluci\u00f3n de la enfermedad, los medicamentos recibidos previamente, las lesiones que ya est\u00e1n instauradas en el cuerpo, etc. Sin embargo desde la primera o segunda sesi\u00f3n el enfermo ya comienza notar cambios positivos en su salud. En promedio para casos cr\u00f3nicos pueden requerirse 4 o 5 tratamientos, pero el n\u00famero real lo determinar\u00e1 el mismo paciente, dependiendo de su evoluci\u00f3n.<\/span><\/p>\n","protected":false},"excerpt":{"rendered":"<p>\u00bf Que es el Par Biomagn\u00e9tico M\u00e9dico o Biomagnetismo?\u00a0 Es una eficiente terapia, desarrollada por el Dr Isaac Goitz, de M\u00e9xico, que no presenta efectos secundarios, pues no requieren costosos aparatos (s\u00f3lo un set de peque\u00f1os imanes) y, sin embargo, involucra conceptos in\u00e9ditos que abren las puertas a la medicina del futuro y se\u00a0restablece , &hellip;<\/p>\n<p class=\"read-more\"> <a class=\"\" href=\"https:\/\/www.terapiasdeavanzada.org\/web\/par-biomagneticobio\/\"> <span class=\"screen-reader-text\">PAR BIOMAGN\u00c9TICO MEDICO<\/span> Leer m\u00e1s &raquo;<\/a><\/p>\n","protected":false},"author":1,"featured_media":0,"parent":0,"menu_order":0,"comment_status":"closed","ping_status":"closed","template":"","meta":{"site-sidebar-layout":"default","site-content-layout":"default","ast-global-header-display":"","ast-banner-title-visibility":"","ast-main-header-display":"","ast-hfb-above-header-display":"","ast-hfb-below-header-display":"","ast-hfb-mobile-header-display":"","site-post-title":"","ast-breadcrumbs-content":"","ast-featured-img":"","footer-sml-layout":"","theme-transparent-header-meta":"","adv-header-id-meta":"","stick-header-meta":"","header-above-stick-meta":"","header-main-stick-meta":"","header-below-stick-meta":""},"_links":{"self":[{"href":"https:\/\/www.terapiasdeavanzada.org\/web\/wp-json\/wp\/v2\/pages\/390"}],"collection":[{"href":"https:\/\/www.terapiasdeavanzada.org\/web\/wp-json\/wp\/v2\/pages"}],"about":[{"href":"https:\/\/www.terapiasdeavanzada.org\/web\/wp-json\/wp\/v2\/types\/page"}],"author":[{"embeddable":true,"href":"https:\/\/www.terapiasdeavanzada.org\/web\/wp-json\/wp\/v2\/users\/1"}],"replies":[{"embeddable":true,"href":"https:\/\/www.terapiasdeavanzada.org\/web\/wp-json\/wp\/v2\/comments?post=390"}],"version-history":[{"count":6,"href":"https:\/\/www.terapiasdeavanzada.org\/web\/wp-json\/wp\/v2\/pages\/390\/revisions"}],"predecessor-version":[{"id":1074,"href":"https:\/\/www.terapiasdeavanzada.org\/web\/wp-json\/wp\/v2\/pages\/390\/revisions\/1074"}],"wp:attachment":[{"href":"https:\/\/www.terapiasdeavanzada.org\/web\/wp-json\/wp\/v2\/media?parent=390"}],"curies":[{"name":"wp","href":"https:\/\/api.w.org\/{rel}","templated":true}]}}