{"id":393,"date":"2018-05-09T08:55:18","date_gmt":"2018-05-09T11:55:18","guid":{"rendered":"http:\/\/www.terapiasdeavanzada.org\/web\/?page_id=393"},"modified":"2018-08-22T17:13:03","modified_gmt":"2018-08-22T20:13:03","slug":"quantum-therapy","status":"publish","type":"page","link":"https:\/\/www.terapiasdeavanzada.org\/web\/quantum-therapy\/","title":{"rendered":"BQT &#8211; BIO QUANTUM TEST AND THERAPY\u00ae"},"content":{"rendered":"<h2><span style=\"font-family: helvetica, arial, sans-serif; font-size: 14pt;\"><strong>BIO QUANTUM TEST AND THERAPY<sup>\u00ae<\/sup><\/strong><\/span><\/h2>\n<h4><span style=\"font-family: helvetica, arial, sans-serif;\">\u00bfQue es la medicina cu\u00e1ntica?<\/span><\/h4>\n<p><span style=\"font-family: helvetica, arial, sans-serif;\">Es una\u00a0<strong>aproximaci\u00f3n m\u00e9dica que act\u00faa sobre el campo energ\u00e9tico del cuerpo<\/strong>, regul\u00e1ndolo y que considera al cuerpo-mente como una unidad.<\/span><\/p>\n<p><span style=\"font-family: helvetica, arial, sans-serif;\"><strong>\u00bfEn que consiste BQT?<\/strong><\/span><\/p>\n<p><span style=\"font-family: helvetica, arial, sans-serif;\">En el uso de\u00a0<strong>tarjetas con informaci\u00f3n electro-magn\u00e9tica<\/strong>\u00a0(radi\u00f3nica) que detectan y corrige los patrones patol\u00f3gicos de los cuerpos f\u00edsico, emocional, mental y espiritual,\u00a0 y al eliminarlos\u00a0<strong>libera los bloqueos a la salud<\/strong>.<\/span><\/p>\n<p><span style=\"font-family: helvetica, arial, sans-serif;\">Las se\u00f1ales electromagn\u00e9ticas de las tarjetas detectan la frecuencia de onda vibratoria alterada exacta del cuerpo \/mente que est\u00e1 produciendo la enfermedad y la sintonizan, recuperando el equilibrio.<\/span><\/p>\n<p><span style=\"font-family: helvetica, arial, sans-serif;\"><strong>\u00bfQue resultados tiene?<\/strong><\/span><\/p>\n<p><span style=\"font-family: helvetica, arial, sans-serif;\">Su resultado es r\u00e1pido, indoloro y no invasivo<\/span><\/p>\n<p><span style=\"font-family: helvetica, arial, sans-serif;\">Las tarjetas <strong>informan del estado de salud<\/strong>, detectan los bloqueos al mismo, las alteraciones de la hidrataci\u00f3n, la falta de oxigenaci\u00f3n, los t\u00f3xicos, las intolerancias alimentarias, la celiaqu\u00eda oculta, el estado de salud de los \u00f3rganos, gl\u00e1ndulas y hormonas y las influencias geop\u00e1ticas, c\u00e9lulas malignas. y\u00a0<strong>aumentan la eficiencia del sistema inmunitario.<\/strong><\/span><\/p>\n<p><span style=\"font-family: helvetica, arial, sans-serif;\"><strong>Algunos patrones patol\u00f3gicos que detecta\u00a0<\/strong><\/span><\/p>\n<ul>\n<li><span style=\"font-family: helvetica, arial, sans-serif;\">Pat\u00f3genos activos en proceso<\/span><\/li>\n<li><span style=\"font-family: helvetica, arial, sans-serif;\">Traumas ocultos (f\u00edsicos, emocionales y campos interferentes)<\/span><\/li>\n<li><span style=\"font-family: helvetica, arial, sans-serif;\">Puntos ocultos graves intangibles de enfermedades antiguas.<\/span><\/li>\n<li><span style=\"font-family: helvetica, arial, sans-serif;\">Puntos activos dando s\u00edntomas cr\u00f3nicos<\/span><\/li>\n<li><span style=\"font-family: helvetica, arial, sans-serif;\">Puntos patol\u00f3gicos activos desde la concepci\u00f3n<\/span><\/li>\n<li><span style=\"font-family: helvetica, arial, sans-serif;\">Alteraciones del sistema inmunitario<\/span><\/li>\n<li><span style=\"font-family: helvetica, arial, sans-serif;\">Problemas emocionales \/\u00a0\u00a0espirituales \/ org\u00e1nicos<\/span><\/li>\n<li><span style=\"font-family: helvetica, arial, sans-serif;\">Enfermedades en general<\/span><\/li>\n<\/ul>\n<p><span style=\"font-family: helvetica, arial, sans-serif;\"><strong>BQT se puede utilizar sola o complementando otros tratamientos.<\/strong><\/span><\/p>\n<p>&nbsp;<\/p>\n<p><img decoding=\"async\" class=\"size-full wp-image-1019 aligncenter\" src=\"http:\/\/www.terapiasdeavanzada.org\/wp-content\/uploads\/2015\/05\/tarjetas-bqt.jpg\" sizes=\"(max-width: 469px) 100vw, 469px\" srcset=\"http:\/\/www.terapiasdeavanzada.org\/wp-content\/uploads\/2015\/05\/tarjetas-bqt.jpg 469w, http:\/\/www.terapiasdeavanzada.org\/wp-content\/uploads\/2015\/05\/tarjetas-bqt-300x225.jpg 300w, http:\/\/www.terapiasdeavanzada.org\/wp-content\/uploads\/2015\/05\/tarjetas-bqt-150x112.jpg 150w\" alt=\"tarjetas bqt\" \/><br \/>\n<span style=\"font-family: helvetica, arial, sans-serif;\">Tarjetas de BQT<\/span><\/p>\n","protected":false},"excerpt":{"rendered":"<p>BIO QUANTUM TEST AND THERAPY\u00ae \u00bfQue es la medicina cu\u00e1ntica? Es una\u00a0aproximaci\u00f3n m\u00e9dica que act\u00faa sobre el campo energ\u00e9tico del cuerpo, regul\u00e1ndolo y que considera al cuerpo-mente como una unidad. \u00bfEn que consiste BQT? En el uso de\u00a0tarjetas con informaci\u00f3n electro-magn\u00e9tica\u00a0(radi\u00f3nica) que detectan y corrige los patrones patol\u00f3gicos de los cuerpos f\u00edsico, emocional, mental y &hellip;<\/p>\n<p class=\"read-more\"> <a class=\"\" href=\"https:\/\/www.terapiasdeavanzada.org\/web\/quantum-therapy\/\"> <span class=\"screen-reader-text\">BQT &#8211; BIO QUANTUM TEST AND THERAPY\u00ae<\/span> Leer m\u00e1s &raquo;<\/a><\/p>\n","protected":false},"author":1,"featured_media":0,"parent":0,"menu_order":0,"comment_status":"closed","ping_status":"closed","template":"","meta":{"site-sidebar-layout":"default","site-content-layout":"default","ast-global-header-display":"","ast-banner-title-visibility":"","ast-main-header-display":"","ast-hfb-above-header-display":"","ast-hfb-below-header-display":"","ast-hfb-mobile-header-display":"","site-post-title":"","ast-breadcrumbs-content":"","ast-featured-img":"","footer-sml-layout":"","theme-transparent-header-meta":"","adv-header-id-meta":"","stick-header-meta":"","header-above-stick-meta":"","header-main-stick-meta":"","header-below-stick-meta":""},"_links":{"self":[{"href":"https:\/\/www.terapiasdeavanzada.org\/web\/wp-json\/wp\/v2\/pages\/393"}],"collection":[{"href":"https:\/\/www.terapiasdeavanzada.org\/web\/wp-json\/wp\/v2\/pages"}],"about":[{"href":"https:\/\/www.terapiasdeavanzada.org\/web\/wp-json\/wp\/v2\/types\/page"}],"author":[{"embeddable":true,"href":"https:\/\/www.terapiasdeavanzada.org\/web\/wp-json\/wp\/v2\/users\/1"}],"replies":[{"embeddable":true,"href":"https:\/\/www.terapiasdeavanzada.org\/web\/wp-json\/wp\/v2\/comments?post=393"}],"version-history":[{"count":6,"href":"https:\/\/www.terapiasdeavanzada.org\/web\/wp-json\/wp\/v2\/pages\/393\/revisions"}],"predecessor-version":[{"id":1066,"href":"https:\/\/www.terapiasdeavanzada.org\/web\/wp-json\/wp\/v2\/pages\/393\/revisions\/1066"}],"wp:attachment":[{"href":"https:\/\/www.terapiasdeavanzada.org\/web\/wp-json\/wp\/v2\/media?parent=393"}],"curies":[{"name":"wp","href":"https:\/\/api.w.org\/{rel}","templated":true}]}}