{"id":612,"date":"2018-06-14T00:16:51","date_gmt":"2018-06-14T03:16:51","guid":{"rendered":"http:\/\/www.terapiasdeavanzada.org\/web\/?page_id=612"},"modified":"2022-06-13T16:08:49","modified_gmt":"2022-06-13T19:08:49","slug":"libros","status":"publish","type":"page","link":"https:\/\/www.terapiasdeavanzada.org\/web\/terapias-de-avanzada\/libros\/","title":{"rendered":"LIBROS"},"content":{"rendered":"<h3><img decoding=\"async\" class=\"alignleft\" title=\"serie\" src=\"http:\/\/www.terapiasdeavanzada.org\/web\/wp-content\/uploads\/2018\/06\/serie.jpg\" alt=\"serie\" \/>SERIE TERAPIAS DE AVANZADA Vol. 1 al 5 \u2013 2da. edici\u00f3n 2013<\/h3>\n<p>Dr. Pablo Solvey &#8211; Dra. Raquel C. Ferrazzano de Solvey &#8211; Comp.<br \/>\nVol 1 y 2. T\u00e9cnicas de Integraci\u00f3n Cerebral y T\u00e9cnicas basadas<br \/>\nen la Energ\u00eda \u2013<br \/>\nEn estos dos vol\u00famenes, publicados en 2007, se desarrollan extensamente las bases neurofisol\u00f3gicas que las sustentan, los Trastornos de Ansiedad y los Trastornos Som\u00e1ticos y su tratamiento, ilustrados con numerosos casos cl\u00ednicos.<br \/>\nVol 3 . T\u00e9cnicas basadas en la Energ\u00eda \u2013 2da. edici\u00f3n corregida y aumentada (2013)<br \/>\nSe exponen sus fundamentos en la F\u00edsica Cu\u00e1ntica y su traducci\u00f3n al lenguaje de las neurociencias, su descripci\u00f3n, usos, casos cl\u00ednicos y trabajos de investigaci\u00f3n.<br \/>\nVol 4. EMDR: Avances en Teor\u00eda y T\u00e9cnica \u2013 2da. edici\u00f3n corregida y aumentada (2013)<br \/>\nUna puesta al d\u00eda de nuevos y originales avances en la teor\u00eda y t\u00e9cnica de EMDR.<br \/>\nVol 5 . Abordajes en EMDR (2008)<br \/>\nNuevos protocolos de trabajo presentados por terapeutas expertos<br \/>\nen el tema para: Trauma y Disociaci\u00f3n \/ Ni\u00f1os y Adolescentes\/<br \/>\nPsicoprofilaxis Quir\u00fargica\/ Infertilidad \/ Adicciones.<\/p>\n<p><a href=\"http:\/\/www.terapiasdeavanzada.org\/web\/?page_id=353\"><img decoding=\"async\" loading=\"lazy\" class=\"aligncenter size-full wp-image-648\" src=\"http:\/\/www.terapiasdeavanzada.org\/web\/wp-content\/uploads\/2018\/06\/libroxmail.png\" alt=\"\" width=\"420\" height=\"60\" srcset=\"https:\/\/www.terapiasdeavanzada.org\/web\/wp-content\/uploads\/2018\/06\/libroxmail.png 420w, https:\/\/www.terapiasdeavanzada.org\/web\/wp-content\/uploads\/2018\/06\/libroxmail-300x43.png 300w, https:\/\/www.terapiasdeavanzada.org\/web\/wp-content\/uploads\/2018\/06\/libroxmail-280x40.png 280w, https:\/\/www.terapiasdeavanzada.org\/web\/wp-content\/uploads\/2018\/06\/libroxmail-150x21.png 150w\" sizes=\"(max-width: 420px) 100vw, 420px\" \/><\/a><\/p>\n<hr \/>\n<h3><img decoding=\"async\" class=\"alignleft\" title=\"tapa_psicoeducacion\" src=\"http:\/\/www.terapiasdeavanzada.org\/web\/wp-content\/uploads\/2018\/06\/tapa_psicoeducacion.jpg\" alt=\"tapa_psicoeducacion\" \/>PSICOEDUCACION EN TRASTORNOS DE ANSIEDAD<\/h3>\n<p>Dr. Pablo Solvey &#8211; Dra. Raquel C. Ferrazzano de Solvey<\/p>\n<p>Este libro, eminentemente pr\u00e1ctico, esta destinado a todos aquellos que lidian con los trastornos de ansiedad: m\u00e9dicos, psic\u00f3logos, terapeutas, pacientes y sus sufrientes familiares.<br \/>\nA diferencia de los libros anteriores publicados por los autores, destinados a un p\u00fablico mas restringido, este est\u00e1 dirigido a todo aquel que le interese, por alg\u00fan motivo, el tema.<br \/>\nLos autores, Dr. Pablo Solvey y Dra. Raquel C. Ferrazzano de Solvey, son m\u00e9dicos terapeutas argentinos, ex psicoanalistas y fundadores y directores del Centro de Terapias de Avanzada.<br \/>\nSu curr\u00edculum es ampl\u00edsimo y con una panor\u00e1mica muy hol\u00edstica: fueron los primeros entrenadores de EMDR en lengua hispana, creadores y entrenadores de las T\u00e9cnicas de Integraci\u00f3n Cerebral\u00ae (TIC), entrenadores de EFT (Emotional Freedom Technique \u2013 Gary Craig&#x2122;) y co-creadores y entrenadores de TREE\u00ae (T\u00e9cnicas de reactivaci\u00f3n energ\u00e9tica- emocional).<br \/>\nCreadores de m\u00e9todos innovadores de tratamientos su af\u00e1n de investigar y aprender los ha llevado por caminos insospechados en su b\u00fasqueda de la excelencia para abreviar, tanto en tiempo como en esfuerzo, los tratamientos. Llevan aplicando estas t\u00e9cnicas y entrenando a colegas en ellas casi 20 a\u00f1os, y por sus cursos han pasado miles de terapeutas de diferentes pa\u00edses del mundo, creando escuela.<br \/>\nComparten su tiempo entre la pr\u00e1ctica privada, los cursos que brindan en Argentina y otros pa\u00edses de habla hispana y una prol\u00edfica producci\u00f3n bibliogr\u00e1fica.<\/p>\n<p><a href=\"http:\/\/www.terapiasdeavanzada.org\/web\/?page_id=353\"><img decoding=\"async\" loading=\"lazy\" class=\"aligncenter size-full wp-image-648\" src=\"http:\/\/www.terapiasdeavanzada.org\/web\/wp-content\/uploads\/2018\/06\/libroxmail.png\" alt=\"\" width=\"420\" height=\"60\" srcset=\"https:\/\/www.terapiasdeavanzada.org\/web\/wp-content\/uploads\/2018\/06\/libroxmail.png 420w, https:\/\/www.terapiasdeavanzada.org\/web\/wp-content\/uploads\/2018\/06\/libroxmail-300x43.png 300w, https:\/\/www.terapiasdeavanzada.org\/web\/wp-content\/uploads\/2018\/06\/libroxmail-280x40.png 280w, https:\/\/www.terapiasdeavanzada.org\/web\/wp-content\/uploads\/2018\/06\/libroxmail-150x21.png 150w\" sizes=\"(max-width: 420px) 100vw, 420px\" \/><\/a><\/p>\n<hr \/>\n<h3><img decoding=\"async\" loading=\"lazy\" class=\"size-full wp-image-629 alignleft\" src=\"http:\/\/www.terapiasdeavanzada.org\/web\/wp-content\/uploads\/2018\/06\/escena-fundante-web.jpg\" alt=\"\" width=\"200\" height=\"286\" srcset=\"https:\/\/www.terapiasdeavanzada.org\/web\/wp-content\/uploads\/2018\/06\/escena-fundante-web.jpg 200w, https:\/\/www.terapiasdeavanzada.org\/web\/wp-content\/uploads\/2018\/06\/escena-fundante-web-112x160.jpg 112w, https:\/\/www.terapiasdeavanzada.org\/web\/wp-content\/uploads\/2018\/06\/escena-fundante-web-150x215.jpg 150w\" sizes=\"(max-width: 200px) 100vw, 200px\" \/>LA ESCENA FUNDANTE Y OTRAS ESCENAS SIGNIFICATIVAS EN PSICOTERAPIAS 2da EDICION<\/h3>\n<p>Dr. Pablo Solvey<br \/>\nDra. Raquel C. Ferrazzano de Solvey<br \/>\nEn este libro los Dres. Pablo y Raquel Solvey vienen a llenar un vac\u00edo significativo existente en la pr\u00e1ctica de la psicoterapia. Los profesionales del arte de curar conocen con mayor o menor grado de experiencia la pr\u00e1ctica de su profesi\u00f3n. Los terapeutas entrenados en Terapias de Avanzada conocen a fondo el tratamiento de los traumas y sus consecuencias. Sin embargo el abordaje y tratamiento de los s\u00edntomas ha demostrado ser mucho m\u00e1s rebelde y dif\u00edcil de encarar.<br \/>\nNos preocupamos, en esta nueva presentaci\u00f3n, en diferenciar claramente un s\u00edntoma de un trauma, y a partir de all\u00ed describir las diferencias en el tratamiento de cada uno de ellos.<\/p>\n<p>La Escena Fundante ha demostrado ser especialmente \u00fatil y exitosa en el<br \/>\ntratamiento y resoluci\u00f3n de los s\u00edntomas, tanto psicol\u00f3gicos como f\u00edsicos y org\u00e1nicos, de una manera profunda y radical, colapsando todo el edificio sintom\u00e1tico de ra\u00edz y con una rapidez y profundidad no alcanzada hasta el momento con los dem\u00e1s abordajes terap\u00e9uticos conocidos.<\/p>\n<p><a href=\"http:\/\/www.terapiasdeavanzada.org\/web\/?page_id=353\"><img decoding=\"async\" loading=\"lazy\" class=\"aligncenter size-full wp-image-648\" src=\"http:\/\/www.terapiasdeavanzada.org\/web\/wp-content\/uploads\/2018\/06\/libroxmail.png\" alt=\"\" width=\"420\" height=\"60\" srcset=\"https:\/\/www.terapiasdeavanzada.org\/web\/wp-content\/uploads\/2018\/06\/libroxmail.png 420w, https:\/\/www.terapiasdeavanzada.org\/web\/wp-content\/uploads\/2018\/06\/libroxmail-300x43.png 300w, https:\/\/www.terapiasdeavanzada.org\/web\/wp-content\/uploads\/2018\/06\/libroxmail-280x40.png 280w, https:\/\/www.terapiasdeavanzada.org\/web\/wp-content\/uploads\/2018\/06\/libroxmail-150x21.png 150w\" sizes=\"(max-width: 420px) 100vw, 420px\" \/><\/a><\/p>\n<hr \/>\n<h3><img decoding=\"async\" loading=\"lazy\" class=\"size-medium wp-image-939 alignleft\" src=\"http:\/\/www.terapiasdeavanzada.org\/web\/wp-content\/uploads\/2018\/08\/tapa-libro-cromo-2-204x300.jpg\" alt=\"\" width=\"204\" height=\"300\" srcset=\"https:\/\/www.terapiasdeavanzada.org\/web\/wp-content\/uploads\/2018\/08\/tapa-libro-cromo-2-204x300.jpg 204w, https:\/\/www.terapiasdeavanzada.org\/web\/wp-content\/uploads\/2018\/08\/tapa-libro-cromo-2-407x600.jpg 407w, https:\/\/www.terapiasdeavanzada.org\/web\/wp-content\/uploads\/2018\/08\/tapa-libro-cromo-2-109x160.jpg 109w, https:\/\/www.terapiasdeavanzada.org\/web\/wp-content\/uploads\/2018\/08\/tapa-libro-cromo-2-150x221.jpg 150w, https:\/\/www.terapiasdeavanzada.org\/web\/wp-content\/uploads\/2018\/08\/tapa-libro-cromo-2-339x500.jpg 339w, https:\/\/www.terapiasdeavanzada.org\/web\/wp-content\/uploads\/2018\/08\/tapa-libro-cromo-2.jpg 600w\" sizes=\"(max-width: 204px) 100vw, 204px\" \/>CROMO-PSICOTERAPIAS<br \/>\nCromoterapia Auricular \u00b7 Cromo-TIC \u00b7 Anteojos Cromoterap\u00e9uticos<\/h3>\n<p>CROMO-PSICOTERAPIAS es un libro original en el cual los autores, todos ellos expertos en su tema y con una larga trayectoria profesional, presentan las innovadoras t\u00e9cnicas que han desarrollado recientemente con el uso del color en sus diferentes formas, junto a otros elementos como sonido, luz y aplicaciones sobre la piel, para el tratamiento de distintas afecciones emocionales, adicciones y recuerdos traum\u00e1ticos.<\/p>\n<p>Las t\u00e9cnicas son sencillas de aplicar y producen profundas, r\u00e1pidas y duraderas modificaciones. Est\u00e1n respaldadas por las neurociencias, explican los efectos del color y el sonido sobre el sistema nervioso, y la experiencia que, con su uso, han tenido los autores en los \u00faltimos a\u00f1os.<\/p>\n<p>Contamos adem\u00e1s con la colaboraci\u00f3n especial del Dr Raph\u00e4el Nogier quien preside el Grupo de Lyon de Estudios M\u00e9dicos en Francia y cuyas investigaciones sobre la fotopercepci\u00f3n cut\u00e1nea, que \u00e9l mismo dirige,<br \/>\nintentan desentra\u00f1ar la formidable capacidad que tienen la piel y el pabell\u00f3n auricular de recibir, reprocesar y transmitir la informaci\u00f3n de los est\u00edmulos lum\u00ednicos y los colores sobre el sistema nervioso y su respuesta.<br \/>\nSu participaci\u00f3n prestigia y jerarquiza estas t\u00e9cnicas.<\/p>\n<p><a href=\"http:\/\/www.terapiasdeavanzada.org\/web\/?page_id=353\"><img decoding=\"async\" loading=\"lazy\" class=\"aligncenter size-full wp-image-648\" src=\"http:\/\/www.terapiasdeavanzada.org\/web\/wp-content\/uploads\/2018\/06\/libroxmail.png\" alt=\"\" width=\"420\" height=\"60\" srcset=\"https:\/\/www.terapiasdeavanzada.org\/web\/wp-content\/uploads\/2018\/06\/libroxmail.png 420w, https:\/\/www.terapiasdeavanzada.org\/web\/wp-content\/uploads\/2018\/06\/libroxmail-300x43.png 300w, https:\/\/www.terapiasdeavanzada.org\/web\/wp-content\/uploads\/2018\/06\/libroxmail-280x40.png 280w, https:\/\/www.terapiasdeavanzada.org\/web\/wp-content\/uploads\/2018\/06\/libroxmail-150x21.png 150w\" sizes=\"(max-width: 420px) 100vw, 420px\" \/><\/a><\/p>\n<hr \/>\n<h3><img decoding=\"async\" loading=\"lazy\" class=\"size-full wp-image-635 alignleft\" src=\"http:\/\/www.terapiasdeavanzada.org\/web\/wp-content\/uploads\/2018\/06\/libro-pet-web.jpg\" alt=\"\" width=\"200\" height=\"290\" srcset=\"https:\/\/www.terapiasdeavanzada.org\/web\/wp-content\/uploads\/2018\/06\/libro-pet-web.jpg 200w, https:\/\/www.terapiasdeavanzada.org\/web\/wp-content\/uploads\/2018\/06\/libro-pet-web-110x160.jpg 110w, https:\/\/www.terapiasdeavanzada.org\/web\/wp-content\/uploads\/2018\/06\/libro-pet-web-150x218.jpg 150w\" sizes=\"(max-width: 200px) 100vw, 200px\" \/>PET &#8211; PAIN ERASING TECHNIQUE<br \/>\nTECNICA DE BORRADO DEL DOLOR<\/h3>\n<p>Dr. Pablo Solvey<br \/>\nDra. Raquel C. Ferrazzano de Solvey<\/p>\n<p>La sorprendente t\u00e9cnica que puede disolver todo tipo de dolores y otros s\u00edntomas f\u00edsicos molestos de inmediato y sin medicamentos\u2026!<\/p>\n<p>Es sencilla, f\u00e1cil de aplicar y puede ser usada tanto por profesionales de la salud<br \/>\ncomo por legos.<br \/>\nEs inocua, de autoaplicaci\u00f3n y carece de efectos secuendarios y es de muy<br \/>\nr\u00e1pida acci\u00f3n, la mayoria de las veces inmdiatos.<br \/>\nUn importante estudio con m\u00e1s de 80 pacientes avala su eficacia.<\/p>\n<p><a href=\"http:\/\/www.terapiasdeavanzada.org\/web\/?page_id=353\"><img decoding=\"async\" loading=\"lazy\" class=\"aligncenter wp-image-648 size-full\" src=\"http:\/\/www.terapiasdeavanzada.org\/web\/wp-content\/uploads\/2018\/06\/libroxmail.png\" alt=\"\" width=\"420\" height=\"60\" srcset=\"https:\/\/www.terapiasdeavanzada.org\/web\/wp-content\/uploads\/2018\/06\/libroxmail.png 420w, https:\/\/www.terapiasdeavanzada.org\/web\/wp-content\/uploads\/2018\/06\/libroxmail-300x43.png 300w, https:\/\/www.terapiasdeavanzada.org\/web\/wp-content\/uploads\/2018\/06\/libroxmail-280x40.png 280w, https:\/\/www.terapiasdeavanzada.org\/web\/wp-content\/uploads\/2018\/06\/libroxmail-150x21.png 150w\" sizes=\"(max-width: 420px) 100vw, 420px\" \/><\/a><\/p>\n<hr \/>\n","protected":false},"excerpt":{"rendered":"<p>SERIE TERAPIAS DE AVANZADA Vol. 1 al 5 \u2013 2da. edici\u00f3n 2013 Dr. Pablo Solvey &#8211; Dra. Raquel C. Ferrazzano de Solvey &#8211; Comp. Vol 1 y 2. T\u00e9cnicas de Integraci\u00f3n Cerebral y T\u00e9cnicas basadas en la Energ\u00eda \u2013 En estos dos vol\u00famenes, publicados en 2007, se desarrollan extensamente las bases neurofisol\u00f3gicas que las sustentan, &hellip;<\/p>\n<p class=\"read-more\"> <a class=\"\" href=\"https:\/\/www.terapiasdeavanzada.org\/web\/terapias-de-avanzada\/libros\/\"> <span class=\"screen-reader-text\">LIBROS<\/span> Leer m\u00e1s &raquo;<\/a><\/p>\n","protected":false},"author":1,"featured_media":0,"parent":20,"menu_order":4,"comment_status":"closed","ping_status":"closed","template":"page_fullwidth.php","meta":{"site-sidebar-layout":"default","site-content-layout":"default","ast-global-header-display":"","ast-banner-title-visibility":"","ast-main-header-display":"","ast-hfb-above-header-display":"","ast-hfb-below-header-display":"","ast-hfb-mobile-header-display":"","site-post-title":"","ast-breadcrumbs-content":"","ast-featured-img":"","footer-sml-layout":"","theme-transparent-header-meta":"","adv-header-id-meta":"","stick-header-meta":"","header-above-stick-meta":"","header-main-stick-meta":"","header-below-stick-meta":""},"_links":{"self":[{"href":"https:\/\/www.terapiasdeavanzada.org\/web\/wp-json\/wp\/v2\/pages\/612"}],"collection":[{"href":"https:\/\/www.terapiasdeavanzada.org\/web\/wp-json\/wp\/v2\/pages"}],"about":[{"href":"https:\/\/www.terapiasdeavanzada.org\/web\/wp-json\/wp\/v2\/types\/page"}],"author":[{"embeddable":true,"href":"https:\/\/www.terapiasdeavanzada.org\/web\/wp-json\/wp\/v2\/users\/1"}],"replies":[{"embeddable":true,"href":"https:\/\/www.terapiasdeavanzada.org\/web\/wp-json\/wp\/v2\/comments?post=612"}],"version-history":[{"count":28,"href":"https:\/\/www.terapiasdeavanzada.org\/web\/wp-json\/wp\/v2\/pages\/612\/revisions"}],"predecessor-version":[{"id":2204,"href":"https:\/\/www.terapiasdeavanzada.org\/web\/wp-json\/wp\/v2\/pages\/612\/revisions\/2204"}],"up":[{"embeddable":true,"href":"https:\/\/www.terapiasdeavanzada.org\/web\/wp-json\/wp\/v2\/pages\/20"}],"wp:attachment":[{"href":"https:\/\/www.terapiasdeavanzada.org\/web\/wp-json\/wp\/v2\/media?parent=612"}],"curies":[{"name":"wp","href":"https:\/\/api.w.org\/{rel}","templated":true}]}}