{"id":767,"date":"2018-07-04T12:45:38","date_gmt":"2018-07-04T15:45:38","guid":{"rendered":"http:\/\/www.terapiasdeavanzada.org\/web\/?page_id=767"},"modified":"2022-05-15T21:16:01","modified_gmt":"2022-05-16T00:16:01","slug":"nombramientos-academicos","status":"publish","type":"page","link":"https:\/\/www.terapiasdeavanzada.org\/web\/nombramientos-academicos\/","title":{"rendered":"NOMBRAMIENTOS ACADEMICOS"},"content":{"rendered":"\n<p class=\"has-text-align-center\"><strong>LA DRA. RAQUEL C. FERRAZZANO DE SOLVEY FUE NOMBRADA \u201cPROFESORA HONORARIA\u201d DE LA FACULTAD DE PSICOLOG\u00cdA DE LA UNIVERSIDAD SE\u00d1OR DE SIPAN \u2013 CHICLAYO \u2013 PER\u00da, en Abril de 2011.<\/strong><\/p>\n\n\n\n<p>Con las palabras de inauguraci\u00f3n del Rector de la USS, doctor Humberto Llemp\u00e9n y la incorporaci\u00f3n como Profesora Honoraria, de la experta m\u00e9dica y psicoterapeuta argentina Raquel C. Ferrazzano de Solvey, fue nombrada \u00abProfesora Honoraria\u00bb de dicha Universidad, el mi\u00e9rcoles 27 de abril en el inicio del IV Congreso Internacional y Nacional de Psicoterapia que organiza la Escuela de Psicolog\u00eda de la Universidad Se\u00f1or de Sip\u00e1n.<\/p>\n\n\n\n<div class=\"wp-block-image\"><figure class=\"aligncenter size-full\"><img decoding=\"async\" loading=\"lazy\" width=\"200\" height=\"137\" src=\"http:\/\/www.terapiasdeavanzada.org\/web\/wp-content\/uploads\/2018\/07\/profhonoraria.jpg\" alt=\"\" class=\"wp-image-805\" srcset=\"https:\/\/www.terapiasdeavanzada.org\/web\/wp-content\/uploads\/2018\/07\/profhonoraria.jpg 200w, https:\/\/www.terapiasdeavanzada.org\/web\/wp-content\/uploads\/2018\/07\/profhonoraria-150x103.jpg 150w\" sizes=\"(max-width: 200px) 100vw, 200px\" \/><\/figure><\/div>\n\n\n\n<p class=\"has-text-align-center\"><strong>UNIVERSIDAD SE\u00d1OR DE SIP\u00c1N (PER\u00da) OTORG\u00d3 T\u00cdTULO DE \u00abDOCTOR HONORIS CAUSA\u00bb<br>AL DR.\u00a0 PABLO SOLVEY.<\/strong><\/p>\n\n\n\n<p class=\"has-text-align-center\"><strong>Buenos Aires &#8211; Febrero 2015<\/strong><\/p>\n\n\n\n<p class=\"has-text-align-center\"><strong>En un c\u00e1lido acto, la Universidad Se\u00f1or de Sip\u00e1n (USS) entreg\u00f3 el t\u00edtulo honor\u00edfico de \u201cDoctor Honoris Causa\u201d al Dr. Pablo Solvey, destacado m\u00e9dico de Buenos Aires.<\/strong><\/p>\n\n\n\n<p>La distinci\u00f3n al reconocido profesional se dio en m\u00e9rito a su extraordinaria y valiosa contribuci\u00f3n al desarrollo y difusi\u00f3n de la psicoterapia en su pa\u00eds, la regi\u00f3n y todo latinoam\u00e9rica, buscando siempre disminuir el sufrimiento humano con las Terapias de Avanzada\u00ae, reduciendo el tiempo y esfuerzo en general.<\/p>\n\n\n\n<p>Con la anuencia del Consejo Universitario, y en representaci\u00f3n del Se\u00f1or Rector de la USS, Dr. Humberto Llemp\u00e9n Coronel, el Mg. Nicol\u00e1s Valle Palomino, Vicerrector de Asuntos Estudiantiles confiri\u00f3 este magno t\u00edtulo haciendo entrega de la medalla y el diploma correspondiente a este m\u00e1ximo grado honor\u00edfico, as\u00ed como otros s\u00edmbolos propios de una ceremonia de esta envergadura.<\/p>\n\n\n\n<p>Durante su discurso de honor, el flamante Doctor Honoris Causa de la USS, Pablo Solvey, agradeci\u00f3 el gesto de esta casa superior de estudios, la inst\u00f3 a seguir buscando ideales que mejoren a las personas y se comprometi\u00f3 a seguir luchando por ayuda a los que sufren.<\/p>\n\n\n\n<p>\u201cAgradezco a la Universidad Se\u00f1or de Sip\u00e1n la distinci\u00f3n con la que me ha honrado al concederme el Doctor Honoris Causa, integr\u00e1ndome as\u00ed a su cuerpo de doctores. Una distinci\u00f3n que, me sorprendi\u00f3 y me llen\u00f3 de expectativas para seguir adelante\u201d, se\u00f1al\u00f3 ante el aplauso de los presentes.<\/p>\n\n\n\n<p>Por su parte el Mg. Nicol\u00e1s Valle Palomino, manifest\u00f3 \u201cEste t\u00edtulo honor\u00edfico constituye una de las ceremonias universitarias de mayor solemnidad, tiene como finalidad conferir con car\u00e1cter honor\u00edfico el m\u00e1s alto grado acad\u00e9mico y distingue los m\u00e9ritos excepcionales en pro de la ciencia, la cultura, el arte y el mejoramiento de otros aspectos de la sociedad. La Universidad recibe hoy en su claustro de doctores honoris causa al Dr. Pablo Solvey, cuya trayectoria de vida personal y profesional debe ser imitada\u201d, culmin\u00f3 el representante de la Universidad Se\u00f1or de Sip\u00e1n.<\/p>\n\n\n\n<div class=\"wp-block-image\"><figure class=\"aligncenter size-full\"><img decoding=\"async\" loading=\"lazy\" width=\"240\" height=\"180\" src=\"https:\/\/www.terapiasdeavanzada.org\/web\/wp-content\/uploads\/2022\/05\/dr.jpg\" alt=\"\" class=\"wp-image-2162\"\/><\/figure><\/div>\n","protected":false},"excerpt":{"rendered":"<p>LA DRA. RAQUEL C. FERRAZZANO DE SOLVEY FUE NOMBRADA \u201cPROFESORA HONORARIA\u201d DE LA FACULTAD DE PSICOLOG\u00cdA DE LA UNIVERSIDAD SE\u00d1OR DE SIPAN \u2013 CHICLAYO \u2013 PER\u00da, en Abril de 2011. Con las palabras de inauguraci\u00f3n del Rector de la USS, doctor Humberto Llemp\u00e9n y la incorporaci\u00f3n como Profesora Honoraria, de la experta m\u00e9dica y psicoterapeuta &hellip;<\/p>\n<p class=\"read-more\"> <a class=\"\" href=\"https:\/\/www.terapiasdeavanzada.org\/web\/nombramientos-academicos\/\"> <span class=\"screen-reader-text\">NOMBRAMIENTOS ACADEMICOS<\/span> Leer m\u00e1s &raquo;<\/a><\/p>\n","protected":false},"author":4,"featured_media":0,"parent":0,"menu_order":0,"comment_status":"closed","ping_status":"closed","template":"","meta":{"site-sidebar-layout":"default","site-content-layout":"default","ast-global-header-display":"","ast-banner-title-visibility":"","ast-main-header-display":"","ast-hfb-above-header-display":"","ast-hfb-below-header-display":"","ast-hfb-mobile-header-display":"","site-post-title":"","ast-breadcrumbs-content":"","ast-featured-img":"","footer-sml-layout":"","theme-transparent-header-meta":"","adv-header-id-meta":"","stick-header-meta":"","header-above-stick-meta":"","header-main-stick-meta":"","header-below-stick-meta":""},"_links":{"self":[{"href":"https:\/\/www.terapiasdeavanzada.org\/web\/wp-json\/wp\/v2\/pages\/767"}],"collection":[{"href":"https:\/\/www.terapiasdeavanzada.org\/web\/wp-json\/wp\/v2\/pages"}],"about":[{"href":"https:\/\/www.terapiasdeavanzada.org\/web\/wp-json\/wp\/v2\/types\/page"}],"author":[{"embeddable":true,"href":"https:\/\/www.terapiasdeavanzada.org\/web\/wp-json\/wp\/v2\/users\/4"}],"replies":[{"embeddable":true,"href":"https:\/\/www.terapiasdeavanzada.org\/web\/wp-json\/wp\/v2\/comments?post=767"}],"version-history":[{"count":6,"href":"https:\/\/www.terapiasdeavanzada.org\/web\/wp-json\/wp\/v2\/pages\/767\/revisions"}],"predecessor-version":[{"id":2163,"href":"https:\/\/www.terapiasdeavanzada.org\/web\/wp-json\/wp\/v2\/pages\/767\/revisions\/2163"}],"wp:attachment":[{"href":"https:\/\/www.terapiasdeavanzada.org\/web\/wp-json\/wp\/v2\/media?parent=767"}],"curies":[{"name":"wp","href":"https:\/\/api.w.org\/{rel}","templated":true}]}}