{"id":788,"date":"2018-07-04T13:48:53","date_gmt":"2018-07-04T16:48:53","guid":{"rendered":"http:\/\/www.terapiasdeavanzada.org\/web\/?page_id=788"},"modified":"2018-08-22T17:49:57","modified_gmt":"2018-08-22T20:49:57","slug":"raquel-c-ferrazzano-de-solvey","status":"publish","type":"page","link":"https:\/\/www.terapiasdeavanzada.org\/web\/quienes-somos\/raquel-c-ferrazzano-de-solvey\/","title":{"rendered":"Raquel C. Ferrazzano de Solvey"},"content":{"rendered":"<p><span style=\"font-family: helvetica, arial, sans-serif;\">M\u00e9dico UBA (1972). En 2010 es nombrada Profesora Honoraria de la F. de Psicolog\u00eda de la Universidad Sr de Sipan, Chiclayo, Per\u00fa. Entrenadora Senior Internacional de EMDR, autorizada por el EMDR Institute Inc. (Watsonville \u2013 California- USA) desde 1996. Directora y Entrenadora de Terapias de Avanzada\u00ae \u2013 Buenos Aires \u2013 Argentina.<\/span><\/p>\n<p><span style=\"font-family: helvetica, arial, sans-serif;\">Socio fundador de EMDRIA Latinoam\u00e9rica Asoc. Civil \u2013 Buenos Aires \u2013 Argentina.<\/span><br \/>\n<span style=\"font-family: helvetica, arial, sans-serif;\">Presidente Honorario de Emdria Latinoam\u00e9rica Asoc. Civil. \u2013 Buenos Aires.<\/span><br \/>\n<span style=\"font-family: helvetica, arial, sans-serif;\">Ex Presidente de Emdria Latinoam\u00e9rica Asoc. Civil \u2013 Buenos Aires \u2013 Argentina.<\/span><br \/>\n<span style=\"font-family: helvetica, arial, sans-serif;\">M\u00e9dica Naturista \u2013 Instituto de Medicina Naturista \u2013 Buenos Aires \u2013 Argentina, 1999.<\/span><br \/>\n<span style=\"font-family: helvetica, arial, sans-serif;\">Medica Home\u00f3pata Unicista \u2013 AMHA \u2013 Buenos Aires \u2013 Argentina, 2005.<\/span><br \/>\n<span style=\"font-family: helvetica, arial, sans-serif;\">Auriculoterapia \u2013 Dr. Daniel Asis \u2013 Buenos Aires \u2013 Argentina, 2005.<\/span><br \/>\n<span style=\"font-family: helvetica, arial, sans-serif;\">Craneopuntura de YAMAMOTO \u2013 AMBA Asociaci\u00f3n M\u00e9dica Brasile\u00f1a Argentina Dr. Yamamoto \u2013 San Pablo \u2013 Brasil, 2007.<\/span><br \/>\n<span style=\"font-family: helvetica, arial, sans-serif;\">Terapeuta en Par Biomagn\u00e9tico M\u00e9dico \u2013 Dr Isaac Goiz \u2013 Chile \u2013 Dr. Fernando Red\u00edn- Bs Aires \u2013 2010<\/span><br \/>\n<span style=\"font-family: helvetica, arial, sans-serif;\">Creadora, en colaboraci\u00f3n, de la t\u00e9cnica TREE\u00ae T\u00e9cnicas de Reactivaci\u00f3n Energ\u00e9tico Emocional \u2013 Buenos Aires, 2000.<\/span><br \/>\n<span style=\"font-family: helvetica, arial, sans-serif;\">Ex Miembro Adherente de la Asociaci\u00f3n Psicoanal\u00edtica Argentina.<\/span><br \/>\n<span style=\"font-family: helvetica, arial, sans-serif;\">Especialista en: Terapia Cognitivo-Conductual \u2013 T\u00e9cnicas Psicodram\u00e1ticas \u2013 Hipnoterapia Ericksoniana.<\/span><br \/>\n<span style=\"font-family: helvetica, arial, sans-serif;\">Master en PNL \u2013 Programaci\u00f3n Neurolingu\u00edstica \u2013 Escuela Argentina de Programaci\u00f3n Neuroling\u00fc\u00edstica \u2013 Buenos Aires \u2013 Argentina, 1990<\/span><br \/>\n<span style=\"font-family: helvetica, arial, sans-serif;\">Touch for Health (Toque para la Salud) Niveles 1 a 5 \u2013 Kinesiology College of Zurich, 1994<\/span><br \/>\n<span style=\"font-family: helvetica, arial, sans-serif;\">Concepto 3 en 1 \u2013 Memoria Celular Edith Chad Boyko \u2013 www.memcel.com.ar \u2013 Niveles 1 a 11 \u2013 Three in One Concepts, Inc. \u2013 Burbank, CA \u2013 USA, 1994.<\/span><br \/>\n<span style=\"font-family: helvetica, arial, sans-serif;\">Entrenadora de Balanceamento Muscular \u2013 T\u00e9cnicas Especiales de Balanceamento Muscular \u2013 Escuela do Balanceamento Muscular \u2013 Ing. Clovis Horta Correa \u2013 Rio de Janeiro- Brasil, 1996.<\/span><br \/>\n<span style=\"font-family: helvetica, arial, sans-serif;\">Allergy Antidotes \u2013 Sandi Radomsky PhD \u2013 Philadelphia \u2013 USA, 2000.<\/span><br \/>\n<span style=\"font-family: helvetica, arial, sans-serif;\">Mahat Technique (Allergy Elimination) Level 1 and 2 \u2013 Jessie Mercay MD \u2013 Boulder- CO- USA, 2002.<\/span><br \/>\n<span style=\"font-family: helvetica, arial, sans-serif;\">JMT \u2013 Jaffe- Mellor Technique \u2013 Technique Allergy Elimination \u2013 Atlanta- GA- USA, 2002.<\/span><br \/>\n<span style=\"font-family: helvetica, arial, sans-serif;\">NMT- NeuroModulation Technique- Comprehensive and Advanced Levels \u2013 Leslie Feinberg DO \u2013 (Miami- FL- USA), 2003.<\/span><br \/>\n<span style=\"font-family: helvetica, arial, sans-serif;\">BQT \u2013 Bio Quantum Therapy \u2013 Medicina Cu\u00e1ntica \u2013 Dr Daniel Robles \u2013 Buenos Aires. 2014.<\/span><\/p>\n<p><span style=\"font-family: helvetica, arial, sans-serif;\"><strong>LIBROS ESCRITOS<\/strong><\/span><\/p>\n<p><span style=\"font-family: helvetica, arial, sans-serif;\">Co-autora y Supervisora en EMDR del libro \u201cTrauma y EMDR: Un nuevo abordaje terap\u00e9utico\u201d \u2013 Ed. Emdria Latinoam\u00e9rica \u2013 2004 \u2013 Buenos Aires.<\/span><br \/>\n<span style=\"font-family: helvetica, arial, sans-serif;\">Co-autora del libro \u201cRepensar las Psicoterapias\u201d RV Ed. 2003 \u2013 Buenos Aires.<\/span><br \/>\n<span style=\"font-family: helvetica, arial, sans-serif;\">Co-autora del libro \u201cLa nueva medicina\u201d Diprored Ed. 2006 \u2013 Buenos Aires.<\/span><br \/>\n<span style=\"font-family: helvetica, arial, sans-serif;\">Editora y Co-autora de la Serie \u201cTerapias de Avanzada\u201d Vol. 1 al 5. TdeA Ed. 2007\/2008 \u2013 Buenos Aires.<\/span><br \/>\n<span style=\"font-family: helvetica, arial, sans-serif;\">Co-autora del libro \u201cCromo-Psicoterapias\u201d Ed. Lux \u2013 2009 \u2013 Santa Fe \u2013 Rosario.<\/span><br \/>\n<span style=\"font-family: helvetica, arial, sans-serif;\">Autora en colaboraci\u00f3n de \u201cPsicoeducaci\u00f3n en Trastornos de Ansiedad\u201d \u2013 Gu\u00eda Pr\u00e1ctica \u2013 Ed. TdeA . Bs. Aires \u2013 2010<\/span><br \/>\n<span style=\"font-family: helvetica, arial, sans-serif;\">Autora de \u201cLa Escena Fundante y otras escenas importantes en psicoterapia\u201d Ed. TdeA \u2013 Bs As \u2013 2012<\/span><br \/>\n<span style=\"font-family: helvetica, arial, sans-serif;\">Autora de \u201cPET: PAIN ERASING TECHNIQUE \u2013 Borrado del dolor\u201d Ed. TdeA \u2013 Bs As \u2013 2013<\/span><br \/>\n<span style=\"font-family: helvetica, arial, sans-serif;\">Autora de \u201cTIC: T\u00e9cnicas de Integraci\u00f3n Cerebral\u201d en prensa.<\/span><\/p>\n","protected":false},"excerpt":{"rendered":"<p>M\u00e9dico UBA (1972). En 2010 es nombrada Profesora Honoraria de la F. de Psicolog\u00eda de la Universidad Sr de Sipan, Chiclayo, Per\u00fa. Entrenadora Senior Internacional de EMDR, autorizada por el EMDR Institute Inc. (Watsonville \u2013 California- USA) desde 1996. Directora y Entrenadora de Terapias de Avanzada\u00ae \u2013 Buenos Aires \u2013 Argentina. Socio fundador de EMDRIA &hellip;<\/p>\n<p class=\"read-more\"> <a class=\"\" href=\"https:\/\/www.terapiasdeavanzada.org\/web\/quienes-somos\/raquel-c-ferrazzano-de-solvey\/\"> <span class=\"screen-reader-text\">Raquel C. Ferrazzano de Solvey<\/span> Leer m\u00e1s &raquo;<\/a><\/p>\n","protected":false},"author":4,"featured_media":0,"parent":304,"menu_order":0,"comment_status":"closed","ping_status":"closed","template":"","meta":{"site-sidebar-layout":"default","site-content-layout":"default","ast-global-header-display":"","ast-banner-title-visibility":"","ast-main-header-display":"","ast-hfb-above-header-display":"","ast-hfb-below-header-display":"","ast-hfb-mobile-header-display":"","site-post-title":"","ast-breadcrumbs-content":"","ast-featured-img":"","footer-sml-layout":"","theme-transparent-header-meta":"","adv-header-id-meta":"","stick-header-meta":"","header-above-stick-meta":"","header-main-stick-meta":"","header-below-stick-meta":""},"_links":{"self":[{"href":"https:\/\/www.terapiasdeavanzada.org\/web\/wp-json\/wp\/v2\/pages\/788"}],"collection":[{"href":"https:\/\/www.terapiasdeavanzada.org\/web\/wp-json\/wp\/v2\/pages"}],"about":[{"href":"https:\/\/www.terapiasdeavanzada.org\/web\/wp-json\/wp\/v2\/types\/page"}],"author":[{"embeddable":true,"href":"https:\/\/www.terapiasdeavanzada.org\/web\/wp-json\/wp\/v2\/users\/4"}],"replies":[{"embeddable":true,"href":"https:\/\/www.terapiasdeavanzada.org\/web\/wp-json\/wp\/v2\/comments?post=788"}],"version-history":[{"count":2,"href":"https:\/\/www.terapiasdeavanzada.org\/web\/wp-json\/wp\/v2\/pages\/788\/revisions"}],"predecessor-version":[{"id":1082,"href":"https:\/\/www.terapiasdeavanzada.org\/web\/wp-json\/wp\/v2\/pages\/788\/revisions\/1082"}],"up":[{"embeddable":true,"href":"https:\/\/www.terapiasdeavanzada.org\/web\/wp-json\/wp\/v2\/pages\/304"}],"wp:attachment":[{"href":"https:\/\/www.terapiasdeavanzada.org\/web\/wp-json\/wp\/v2\/media?parent=788"}],"curies":[{"name":"wp","href":"https:\/\/api.w.org\/{rel}","templated":true}]}}